{"id":3725,"date":"2022-05-16T16:51:59","date_gmt":"2022-05-16T16:51:59","guid":{"rendered":"http:\/\/veryselfbrand.com\/?page_id=3725"},"modified":"2022-05-23T12:47:49","modified_gmt":"2022-05-23T12:47:49","slug":"isla-linen-set-linden-green","status":"publish","type":"page","link":"https:\/\/veryselfbrand.com\/tr\/isla-linen-set-linden-green\/","title":{"rendered":"Isla Linen Set Linden Green"},"content":{"rendered":"<div data-elementor-type=\"wp-page\" data-elementor-id=\"3725\" class=\"elementor elementor-3725\">\n\t\t\t\t\t\t<section class=\"elementor-section elementor-top-section elementor-element elementor-element-caf2c02 elementor-section-boxed elementor-section-height-default elementor-section-height-default\" data-id=\"caf2c02\" data-element_type=\"section\" data-e-type=\"section\">\n\t\t\t\t\t\t<div class=\"elementor-container elementor-column-gap-default\">\n\t\t\t\t\t<div class=\"elementor-column elementor-col-100 elementor-top-column elementor-element elementor-element-3444790\" data-id=\"3444790\" data-element_type=\"column\" data-e-type=\"column\">\n\t\t\t<div class=\"elementor-widget-wrap elementor-element-populated\">\n\t\t\t\t\t\t<div class=\"elementor-element elementor-element-f26f302 elementor-widget elementor-widget-heading\" data-id=\"f26f302\" data-element_type=\"widget\" data-e-type=\"widget\" data-widget_type=\"heading.default\">\n\t\t\t\t<div class=\"elementor-widget-container\">\n\t\t\t\t\t<h2 class=\"elementor-heading-title elementor-size-default\"><a href=\"http:\/\/veryselfbrand.com\/index.php\/isla-linen-set-linden-green\/\">Isla Linen Set Linden Green<\/a><\/h2>\t\t\t\t<\/div>\n\t\t\t\t<\/div>\n\t\t\t\t\t<\/div>\n\t\t<\/div>\n\t\t\t\t\t<\/div>\n\t\t<\/section>\n\t\t\t\t<section class=\"elementor-section elementor-top-section elementor-element elementor-element-29329bc elementor-section-boxed elementor-section-height-default elementor-section-height-default\" data-id=\"29329bc\" data-element_type=\"section\" data-e-type=\"section\">\n\t\t\t\t\t\t<div class=\"elementor-container elementor-column-gap-default\">\n\t\t\t\t\t<div class=\"elementor-column elementor-col-100 elementor-top-column elementor-element elementor-element-2f7964e\" data-id=\"2f7964e\" data-element_type=\"column\" data-e-type=\"column\">\n\t\t\t<div class=\"elementor-widget-wrap elementor-element-populated\">\n\t\t\t\t\t\t<div class=\"elementor-element elementor-element-ddfaddb elementor-arrows-position-inside elementor-pagination-position-outside elementor-widget elementor-widget-image-carousel\" data-id=\"ddfaddb\" data-element_type=\"widget\" data-e-type=\"widget\" data-settings=\"{&quot;navigation&quot;:&quot;both&quot;,&quot;autoplay&quot;:&quot;yes&quot;,&quot;pause_on_hover&quot;:&quot;yes&quot;,&quot;pause_on_interaction&quot;:&quot;yes&quot;,&quot;autoplay_speed&quot;:5000,&quot;infinite&quot;:&quot;yes&quot;,&quot;speed&quot;:500}\" data-widget_type=\"image-carousel.default\">\n\t\t\t\t<div class=\"elementor-widget-container\">\n\t\t\t\t\t\t\t<div class=\"elementor-image-carousel-wrapper swiper\" role=\"region\" aria-roledescription=\"carousel\" aria-label=\"Resim D\u00f6ng\u00fcs\u00fc\" dir=\"ltr\">\n\t\t\t<div class=\"elementor-image-carousel swiper-wrapper\" aria-live=\"off\">\n\t\t\t\t\t\t\t\t<div class=\"swiper-slide\" role=\"group\" aria-roledescription=\"slide\" aria-label=\"1 \/ 6\" data-no-translation-aria-label=\"\"><a data-elementor-open-lightbox=\"yes\" data-elementor-lightbox-slideshow=\"ddfaddb\" data-elementor-lightbox-title=\"IEP_0203\" data-e-action-hash=\"#elementor-action%3Aaction%3Dlightbox%26settings%3DeyJpZCI6MzU0OCwidXJsIjoiaHR0cHM6XC9cL3ZlcnlzZWxmYnJhbmQuY29tXC93cC1jb250ZW50XC91cGxvYWRzXC8yMDIyXC8wNVwvSUVQXzAyMDMuanBnIiwic2xpZGVzaG93IjoiZGRmYWRkYiJ9\" href=\"http:\/\/veryselfbrand.com\/index.php\/product\/isla-linen-set-linden-green\/\"><figure class=\"swiper-slide-inner\"><img decoding=\"async\" class=\"swiper-slide-image\" src=\"https:\/\/veryselfbrand.com\/wp-content\/uploads\/2022\/05\/IEP_0203.jpg\" alt=\"IEP_0203\" \/><\/figure><\/a><\/div><div class=\"swiper-slide\" role=\"group\" aria-roledescription=\"slide\" aria-label=\"2 \/ 6\" data-no-translation-aria-label=\"\"><a data-elementor-open-lightbox=\"yes\" data-elementor-lightbox-slideshow=\"ddfaddb\" data-elementor-lightbox-title=\"IEP_0213-lt\" data-e-action-hash=\"#elementor-action%3Aaction%3Dlightbox%26settings%3DeyJpZCI6MzU0OSwidXJsIjoiaHR0cHM6XC9cL3ZlcnlzZWxmYnJhbmQuY29tXC93cC1jb250ZW50XC91cGxvYWRzXC8yMDIyXC8wNVwvSUVQXzAyMTMtbHQuanBnIiwic2xpZGVzaG93IjoiZGRmYWRkYiJ9\" href=\"http:\/\/veryselfbrand.com\/index.php\/product\/isla-linen-set-linden-green\/\"><figure class=\"swiper-slide-inner\"><img decoding=\"async\" class=\"swiper-slide-image\" src=\"https:\/\/veryselfbrand.com\/wp-content\/uploads\/2022\/05\/IEP_0213-lt.jpg\" alt=\"Isla Linen Set Linden Green\" \/><\/figure><\/a><\/div><div class=\"swiper-slide\" role=\"group\" aria-roledescription=\"slide\" aria-label=\"3 \/ 6\" data-no-translation-aria-label=\"\"><a data-elementor-open-lightbox=\"yes\" data-elementor-lightbox-slideshow=\"ddfaddb\" data-elementor-lightbox-title=\"DSCF1802-alt\" data-e-action-hash=\"#elementor-action%3Aaction%3Dlightbox%26settings%3DeyJpZCI6MzU0NywidXJsIjoiaHR0cHM6XC9cL3ZlcnlzZWxmYnJhbmQuY29tXC93cC1jb250ZW50XC91cGxvYWRzXC8yMDIyXC8wNVwvRFNDRjE4MDItYWx0LmpwZyIsInNsaWRlc2hvdyI6ImRkZmFkZGIifQ%3D%3D\" href=\"http:\/\/veryselfbrand.com\/index.php\/product\/isla-linen-set-linden-green\/\"><figure class=\"swiper-slide-inner\"><img decoding=\"async\" class=\"swiper-slide-image\" src=\"https:\/\/veryselfbrand.com\/wp-content\/uploads\/2022\/05\/DSCF1802-alt.jpg\" alt=\"DSCF1802-alt\" \/><\/figure><\/a><\/div><div class=\"swiper-slide\" role=\"group\" aria-roledescription=\"slide\" aria-label=\"4 \/ 6\" data-no-translation-aria-label=\"\"><a data-elementor-open-lightbox=\"yes\" data-elementor-lightbox-slideshow=\"ddfaddb\" data-elementor-lightbox-title=\"IEP_1108\" data-e-action-hash=\"#elementor-action%3Aaction%3Dlightbox%26settings%3DeyJpZCI6MzU1MiwidXJsIjoiaHR0cHM6XC9cL3ZlcnlzZWxmYnJhbmQuY29tXC93cC1jb250ZW50XC91cGxvYWRzXC8yMDIyXC8wNVwvSUVQXzExMDguanBnIiwic2xpZGVzaG93IjoiZGRmYWRkYiJ9\" href=\"http:\/\/veryselfbrand.com\/index.php\/product\/isla-linen-set-linden-green\/\"><figure class=\"swiper-slide-inner\"><img decoding=\"async\" class=\"swiper-slide-image\" src=\"https:\/\/veryselfbrand.com\/wp-content\/uploads\/2022\/05\/IEP_1108.jpg\" alt=\"IEP_1108\" \/><\/figure><\/a><\/div><div class=\"swiper-slide\" role=\"group\" aria-roledescription=\"slide\" aria-label=\"5 \/ 6\" data-no-translation-aria-label=\"\"><a data-elementor-open-lightbox=\"yes\" data-elementor-lightbox-slideshow=\"ddfaddb\" data-elementor-lightbox-title=\"IEP_1072\" data-e-action-hash=\"#elementor-action%3Aaction%3Dlightbox%26settings%3DeyJpZCI6MzU1MCwidXJsIjoiaHR0cHM6XC9cL3ZlcnlzZWxmYnJhbmQuY29tXC93cC1jb250ZW50XC91cGxvYWRzXC8yMDIyXC8wNVwvSUVQXzEwNzIuanBnIiwic2xpZGVzaG93IjoiZGRmYWRkYiJ9\" href=\"http:\/\/veryselfbrand.com\/index.php\/product\/isla-linen-set-linden-green\/\"><figure class=\"swiper-slide-inner\"><img decoding=\"async\" class=\"swiper-slide-image\" src=\"https:\/\/veryselfbrand.com\/wp-content\/uploads\/2022\/05\/IEP_1072.jpg\" alt=\"IEP_1072\" \/><\/figure><\/a><\/div><div class=\"swiper-slide\" role=\"group\" aria-roledescription=\"slide\" aria-label=\"6 \/ 6\" data-no-translation-aria-label=\"\"><a data-elementor-open-lightbox=\"yes\" data-elementor-lightbox-slideshow=\"ddfaddb\" data-elementor-lightbox-title=\"IEP_1081\" data-e-action-hash=\"#elementor-action%3Aaction%3Dlightbox%26settings%3DeyJpZCI6Mzc2MCwidXJsIjoiaHR0cHM6XC9cL3ZlcnlzZWxmYnJhbmQuY29tXC93cC1jb250ZW50XC91cGxvYWRzXC8yMDIxXC8wMlwvSUVQXzEwODEuanBnIiwic2xpZGVzaG93IjoiZGRmYWRkYiJ9\" href=\"http:\/\/veryselfbrand.com\/index.php\/product\/isla-linen-set-linden-green\/\"><figure class=\"swiper-slide-inner\"><img decoding=\"async\" class=\"swiper-slide-image\" src=\"https:\/\/veryselfbrand.com\/wp-content\/uploads\/2021\/02\/IEP_1081.jpg\" alt=\"IEP_1081\" \/><\/figure><\/a><\/div>\t\t\t<\/div>\n\t\t\t\t\t\t\t\t\t\t\t\t<div class=\"elementor-swiper-button elementor-swiper-button-prev\" role=\"button\" tabindex=\"0\">\n\t\t\t\t\t\t<i aria-hidden=\"true\" class=\"eicon-chevron-left\"><\/i>\t\t\t\t\t<\/div>\n\t\t\t\t\t<div class=\"elementor-swiper-button elementor-swiper-button-next\" role=\"button\" tabindex=\"0\">\n\t\t\t\t\t\t<i aria-hidden=\"true\" class=\"eicon-chevron-right\"><\/i>\t\t\t\t\t<\/div>\n\t\t\t\t\n\t\t\t\t\t\t\t\t\t<div class=\"swiper-pagination\"><\/div>\n\t\t\t\t\t\t\t\t\t<\/div>\n\t\t\t\t\t\t<\/div>\n\t\t\t\t<\/div>\n\t\t\t\t\t<\/div>\n\t\t<\/div>\n\t\t\t\t\t<\/div>\n\t\t<\/section>\n\t\t\t\t<\/div>","protected":false},"excerpt":{"rendered":"<p>Isla Linen Set Linden Green Previous Next<\/p>","protected":false},"author":1,"featured_media":0,"parent":0,"menu_order":0,"comment_status":"closed","ping_status":"closed","template":"","meta":{"footnotes":""},"class_list":["post-3725","page","type-page","status-publish","hentry"],"yoast_head":"<!-- This site is optimized with the Yoast SEO plugin v27.4 - https:\/\/yoast.com\/product\/yoast-seo-wordpress\/ -->\n<title>Isla Linen Set Linden Green - Veryself<\/title>\n<meta name=\"robots\" content=\"index, follow, max-snippet:-1, max-image-preview:large, max-video-preview:-1\" \/>\n<link rel=\"canonical\" href=\"https:\/\/veryselfbrand.com\/tr\/isla-linen-set-linden-green\/\" \/>\n<meta property=\"og:locale\" content=\"tr_TR\" \/>\n<meta property=\"og:type\" content=\"article\" \/>\n<meta property=\"og:title\" content=\"Isla Linen Set Linden Green - Veryself\" \/>\n<meta property=\"og:description\" content=\"Isla Linen Set Linden Green Previous Next\" \/>\n<meta property=\"og:url\" content=\"https:\/\/veryselfbrand.com\/tr\/isla-linen-set-linden-green\/\" \/>\n<meta property=\"og:site_name\" content=\"Veryself\" \/>\n<meta property=\"article:modified_time\" content=\"2022-05-23T12:47:49+00:00\" \/>\n<meta property=\"og:image\" content=\"http:\/\/veryselfbrand.com\/wp-content\/uploads\/2022\/05\/IEP_0203.jpg\" \/>\n<meta name=\"twitter:card\" content=\"summary_large_image\" \/>\n<script type=\"application\/ld+json\" class=\"yoast-schema-graph\">{\"@context\":\"https:\\\/\\\/schema.org\",\"@graph\":[{\"@type\":\"WebPage\",\"@id\":\"https:\\\/\\\/veryselfbrand.com\\\/isla-linen-set-linden-green\\\/\",\"url\":\"https:\\\/\\\/veryselfbrand.com\\\/isla-linen-set-linden-green\\\/\",\"name\":\"Isla Linen Set Linden Green - Veryself\",\"isPartOf\":{\"@id\":\"https:\\\/\\\/veryselfbrand.com\\\/#website\"},\"primaryImageOfPage\":{\"@id\":\"https:\\\/\\\/veryselfbrand.com\\\/isla-linen-set-linden-green\\\/#primaryimage\"},\"image\":{\"@id\":\"https:\\\/\\\/veryselfbrand.com\\\/isla-linen-set-linden-green\\\/#primaryimage\"},\"thumbnailUrl\":\"http:\\\/\\\/veryselfbrand.com\\\/wp-content\\\/uploads\\\/2022\\\/05\\\/IEP_0203.jpg\",\"datePublished\":\"2022-05-16T16:51:59+00:00\",\"dateModified\":\"2022-05-23T12:47:49+00:00\",\"breadcrumb\":{\"@id\":\"https:\\\/\\\/veryselfbrand.com\\\/isla-linen-set-linden-green\\\/#breadcrumb\"},\"inLanguage\":\"tr\",\"potentialAction\":[{\"@type\":\"ReadAction\",\"target\":[\"https:\\\/\\\/veryselfbrand.com\\\/isla-linen-set-linden-green\\\/\"]}]},{\"@type\":\"ImageObject\",\"inLanguage\":\"tr\",\"@id\":\"https:\\\/\\\/veryselfbrand.com\\\/isla-linen-set-linden-green\\\/#primaryimage\",\"url\":\"http:\\\/\\\/veryselfbrand.com\\\/wp-content\\\/uploads\\\/2022\\\/05\\\/IEP_0203.jpg\",\"contentUrl\":\"http:\\\/\\\/veryselfbrand.com\\\/wp-content\\\/uploads\\\/2022\\\/05\\\/IEP_0203.jpg\"},{\"@type\":\"BreadcrumbList\",\"@id\":\"https:\\\/\\\/veryselfbrand.com\\\/isla-linen-set-linden-green\\\/#breadcrumb\",\"itemListElement\":[{\"@type\":\"ListItem\",\"position\":1,\"name\":\"Home\",\"item\":\"https:\\\/\\\/veryselfbrand.com\\\/\"},{\"@type\":\"ListItem\",\"position\":2,\"name\":\"Isla Linen Set Linden Green\"}]},{\"@type\":\"WebSite\",\"@id\":\"https:\\\/\\\/veryselfbrand.com\\\/#website\",\"url\":\"https:\\\/\\\/veryselfbrand.com\\\/\",\"name\":\"Veryself\",\"description\":\"Upon femmine silhoutte\",\"publisher\":{\"@id\":\"https:\\\/\\\/veryselfbrand.com\\\/#organization\"},\"potentialAction\":[{\"@type\":\"SearchAction\",\"target\":{\"@type\":\"EntryPoint\",\"urlTemplate\":\"https:\\\/\\\/veryselfbrand.com\\\/?s={search_term_string}\"},\"query-input\":{\"@type\":\"PropertyValueSpecification\",\"valueRequired\":true,\"valueName\":\"search_term_string\"}}],\"inLanguage\":\"tr\"},{\"@type\":\"Organization\",\"@id\":\"https:\\\/\\\/veryselfbrand.com\\\/#organization\",\"name\":\"Veryself\",\"url\":\"https:\\\/\\\/veryselfbrand.com\\\/\",\"logo\":{\"@type\":\"ImageObject\",\"inLanguage\":\"tr\",\"@id\":\"https:\\\/\\\/veryselfbrand.com\\\/#\\\/schema\\\/logo\\\/image\\\/\",\"url\":\"http:\\\/\\\/veryselfbrand.com\\\/wp-content\\\/uploads\\\/2021\\\/02\\\/veryself_bl_xs.png\",\"contentUrl\":\"http:\\\/\\\/veryselfbrand.com\\\/wp-content\\\/uploads\\\/2021\\\/02\\\/veryself_bl_xs.png\",\"width\":200,\"height\":56,\"caption\":\"Veryself\"},\"image\":{\"@id\":\"https:\\\/\\\/veryselfbrand.com\\\/#\\\/schema\\\/logo\\\/image\\\/\"},\"sameAs\":[\"https:\\\/\\\/www.instagram.com\\\/veryself.brand\\\/\"]}]}<\/script>\n<!-- \/ Yoast SEO plugin. -->","yoast_head_json":{"title":"Isla Linen Set Linden Green - Veryself","robots":{"index":"index","follow":"follow","max-snippet":"max-snippet:-1","max-image-preview":"max-image-preview:large","max-video-preview":"max-video-preview:-1"},"canonical":"https:\/\/veryselfbrand.com\/tr\/isla-linen-set-linden-green\/","og_locale":"tr_TR","og_type":"article","og_title":"Isla Linen Set Linden Green - Veryself","og_description":"Isla Linen Set Linden Green Previous Next","og_url":"https:\/\/veryselfbrand.com\/tr\/isla-linen-set-linden-green\/","og_site_name":"Veryself","article_modified_time":"2022-05-23T12:47:49+00:00","og_image":[{"url":"http:\/\/veryselfbrand.com\/wp-content\/uploads\/2022\/05\/IEP_0203.jpg","type":"","width":"","height":""}],"twitter_card":"summary_large_image","schema":{"@context":"https:\/\/schema.org","@graph":[{"@type":"WebPage","@id":"https:\/\/veryselfbrand.com\/isla-linen-set-linden-green\/","url":"https:\/\/veryselfbrand.com\/isla-linen-set-linden-green\/","name":"Isla Linen Set Linden Green - Veryself","isPartOf":{"@id":"https:\/\/veryselfbrand.com\/#website"},"primaryImageOfPage":{"@id":"https:\/\/veryselfbrand.com\/isla-linen-set-linden-green\/#primaryimage"},"image":{"@id":"https:\/\/veryselfbrand.com\/isla-linen-set-linden-green\/#primaryimage"},"thumbnailUrl":"http:\/\/veryselfbrand.com\/wp-content\/uploads\/2022\/05\/IEP_0203.jpg","datePublished":"2022-05-16T16:51:59+00:00","dateModified":"2022-05-23T12:47:49+00:00","breadcrumb":{"@id":"https:\/\/veryselfbrand.com\/isla-linen-set-linden-green\/#breadcrumb"},"inLanguage":"tr","potentialAction":[{"@type":"ReadAction","target":["https:\/\/veryselfbrand.com\/isla-linen-set-linden-green\/"]}]},{"@type":"ImageObject","inLanguage":"tr","@id":"https:\/\/veryselfbrand.com\/isla-linen-set-linden-green\/#primaryimage","url":"http:\/\/veryselfbrand.com\/wp-content\/uploads\/2022\/05\/IEP_0203.jpg","contentUrl":"http:\/\/veryselfbrand.com\/wp-content\/uploads\/2022\/05\/IEP_0203.jpg"},{"@type":"BreadcrumbList","@id":"https:\/\/veryselfbrand.com\/isla-linen-set-linden-green\/#breadcrumb","itemListElement":[{"@type":"ListItem","position":1,"name":"Home","item":"https:\/\/veryselfbrand.com\/"},{"@type":"ListItem","position":2,"name":"Isla Linen Set Linden Green"}]},{"@type":"WebSite","@id":"https:\/\/veryselfbrand.com\/#website","url":"https:\/\/veryselfbrand.com\/","name":"Veryself","description":"Upon femmine silhoutte","publisher":{"@id":"https:\/\/veryselfbrand.com\/#organization"},"potentialAction":[{"@type":"SearchAction","target":{"@type":"EntryPoint","urlTemplate":"https:\/\/veryselfbrand.com\/?s={search_term_string}"},"query-input":{"@type":"PropertyValueSpecification","valueRequired":true,"valueName":"search_term_string"}}],"inLanguage":"tr"},{"@type":"Organization","@id":"https:\/\/veryselfbrand.com\/#organization","name":"Veryself","url":"https:\/\/veryselfbrand.com\/","logo":{"@type":"ImageObject","inLanguage":"tr","@id":"https:\/\/veryselfbrand.com\/#\/schema\/logo\/image\/","url":"http:\/\/veryselfbrand.com\/wp-content\/uploads\/2021\/02\/veryself_bl_xs.png","contentUrl":"http:\/\/veryselfbrand.com\/wp-content\/uploads\/2021\/02\/veryself_bl_xs.png","width":200,"height":56,"caption":"Veryself"},"image":{"@id":"https:\/\/veryselfbrand.com\/#\/schema\/logo\/image\/"},"sameAs":["https:\/\/www.instagram.com\/veryself.brand\/"]}]}},"_links":{"self":[{"href":"https:\/\/veryselfbrand.com\/tr\/wp-json\/wp\/v2\/pages\/3725","targetHints":{"allow":["GET"]}}],"collection":[{"href":"https:\/\/veryselfbrand.com\/tr\/wp-json\/wp\/v2\/pages"}],"about":[{"href":"https:\/\/veryselfbrand.com\/tr\/wp-json\/wp\/v2\/types\/page"}],"author":[{"embeddable":true,"href":"https:\/\/veryselfbrand.com\/tr\/wp-json\/wp\/v2\/users\/1"}],"replies":[{"embeddable":true,"href":"https:\/\/veryselfbrand.com\/tr\/wp-json\/wp\/v2\/comments?post=3725"}],"version-history":[{"count":0,"href":"https:\/\/veryselfbrand.com\/tr\/wp-json\/wp\/v2\/pages\/3725\/revisions"}],"wp:attachment":[{"href":"https:\/\/veryselfbrand.com\/tr\/wp-json\/wp\/v2\/media?parent=3725"}],"curies":[{"name":"wp","href":"https:\/\/api.w.org\/{rel}","templated":true}]}}