{"id":4029,"date":"2022-05-17T12:14:30","date_gmt":"2022-05-17T12:14:30","guid":{"rendered":"http:\/\/veryselfbrand.com\/?page_id=4029"},"modified":"2023-08-22T17:52:08","modified_gmt":"2023-08-22T17:52:08","slug":"privacy-policy","status":"publish","type":"page","link":"https:\/\/veryselfbrand.com\/tr\/privacy-policy\/","title":{"rendered":"Gizlilik Politikas\u0131"},"content":{"rendered":"<div data-elementor-type=\"wp-page\" data-elementor-id=\"4029\" class=\"elementor elementor-4029\">\n\t\t\t\t\t\t<section class=\"elementor-section elementor-top-section elementor-element elementor-element-72f9660 elementor-section-boxed elementor-section-height-default elementor-section-height-default\" data-id=\"72f9660\" data-element_type=\"section\" data-e-type=\"section\">\n\t\t\t\t\t\t<div class=\"elementor-container elementor-column-gap-default\">\n\t\t\t\t\t<div class=\"elementor-column elementor-col-100 elementor-top-column elementor-element elementor-element-c185c54\" data-id=\"c185c54\" data-element_type=\"column\" data-e-type=\"column\">\n\t\t\t<div class=\"elementor-widget-wrap elementor-element-populated\">\n\t\t\t\t\t\t<div class=\"elementor-element elementor-element-9d1bc05 elementor-widget elementor-widget-spacer\" data-id=\"9d1bc05\" data-element_type=\"widget\" data-e-type=\"widget\" data-widget_type=\"spacer.default\">\n\t\t\t\t<div class=\"elementor-widget-container\">\n\t\t\t\t\t\t\t<div class=\"elementor-spacer\">\n\t\t\t<div class=\"elementor-spacer-inner\"><\/div>\n\t\t<\/div>\n\t\t\t\t\t\t<\/div>\n\t\t\t\t<\/div>\n\t\t\t\t<div class=\"elementor-element elementor-element-00220ab elementor-widget elementor-widget-heading\" data-id=\"00220ab\" data-element_type=\"widget\" data-e-type=\"widget\" data-widget_type=\"heading.default\">\n\t\t\t\t<div class=\"elementor-widget-container\">\n\t\t\t\t\t<h2 class=\"elementor-heading-title elementor-size-default\">Gizlilik Politikas\u0131\n<\/h2>\t\t\t\t<\/div>\n\t\t\t\t<\/div>\n\t\t\t\t<div class=\"elementor-element elementor-element-6b89623 elementor-widget elementor-widget-spacer\" data-id=\"6b89623\" data-element_type=\"widget\" data-e-type=\"widget\" data-widget_type=\"spacer.default\">\n\t\t\t\t<div class=\"elementor-widget-container\">\n\t\t\t\t\t\t\t<div class=\"elementor-spacer\">\n\t\t\t<div class=\"elementor-spacer-inner\"><\/div>\n\t\t<\/div>\n\t\t\t\t\t\t<\/div>\n\t\t\t\t<\/div>\n\t\t\t\t<div class=\"elementor-element elementor-element-ab5c043 elementor-widget elementor-widget-heading\" data-id=\"ab5c043\" data-element_type=\"widget\" data-e-type=\"widget\" data-widget_type=\"heading.default\">\n\t\t\t\t<div class=\"elementor-widget-container\">\n\t\t\t\t\t<p class=\"elementor-heading-title elementor-size-default\">Gizlilik Politikas\u0131\n\nBu gizlilik politikas\u0131, http:\/\/veryselfbrand.com\/ adresini ziyaret etti\u011finizde veya buradan al\u0131\u015fveri\u015f yapt\u0131\u011f\u0131n\u0131zda ki\u015fisel bilgilerinizin nas\u0131l topland\u0131\u011f\u0131n\u0131, kullan\u0131ld\u0131\u011f\u0131n\u0131 ve payla\u015f\u0131ld\u0131\u011f\u0131n\u0131 a\u00e7\u0131klar.\n\nToplad\u0131\u011f\u0131m\u0131z Ki\u015fisel Bilgiler\n\nhttp:\/\/veryselfbrand.com\/ adresini ziyaret etti\u011finizde, cihaz\u0131n\u0131za ili\u015fkin belirli bilgileri otomatik olarak toplar\u0131z. Bu bilgiler aras\u0131nda web taray\u0131c\u0131n\u0131z, IP adresiniz, saat diliminiz ve cihaz\u0131n\u0131za y\u00fcklenen baz\u0131 \u00e7erezler hakk\u0131nda bilgiler bulunur. Ayr\u0131ca siteyi gezinirken, g\u00f6r\u00fcnt\u00fcledi\u011finiz bireysel web sayfalar\u0131 veya \u00fcr\u00fcnler, veryselfbrand.com\u2019a hangi web sitelerinden veya arama terimlerinden y\u00f6nlendirildi\u011finiz ve siteyle nas\u0131l etkile\u015fimde bulundu\u011funuz hakk\u0131nda bilgi toplar\u0131z. Bu otomatik olarak toplanan bilgilere \"cihaz bilgisi\" diyoruz. Cihaz bilgilerini a\u015fa\u011f\u0131daki teknolojileri kullanarak topluyoruz: \u201c\u00e7erezler\u201d, \u201clog dosyalar\u0131\u201d ve \u201cweb i\u015faret\u00e7ileri\u201d.\n\nKi\u015fisel Bilgilerinizi Nas\u0131l Kullan\u0131yoruz?\n\nSizinle ileti\u015fim kurmak i\u00e7in\nSipari\u015flerimizi potansiyel risk veya doland\u0131r\u0131c\u0131l\u0131k a\u00e7\u0131s\u0131ndan incelemek i\u00e7in\nSizinle payla\u015ft\u0131\u011f\u0131n\u0131z tercihler do\u011frultusunda size \u00fcr\u00fcnlerimiz veya hizmetlerimizle ilgili bilgi veya reklam sa\u011flamak i\u00e7in\nDavran\u0131\u015fsal reklamc\u0131l\u0131k; size hedeflenmi\u015f reklam sa\u011flamak i\u00e7in\nHaklar\u0131n\u0131z\n\nElimizde bulunan ki\u015fisel bilgilerinize eri\u015fme ve bu bilgilerin d\u00fczeltilmesini, g\u00fcncellenmesini veya silinmesini talep etme hakk\u0131na sahipsiniz. Bu hakk\u0131 kullanmak isterseniz, l\u00fctfen info@veryselfbrand.com adresi \u00fczerinden bizimle ileti\u015fime ge\u00e7in.\n\nVeri Saklama\n\nSite \u00fczerinden bir sipari\u015f verdi\u011finizde, bu bilgileri kay\u0131tlarda tutaca\u011f\u0131z ve siz bu bilgilerin silinmesini talep edene kadar saklayaca\u011f\u0131z.<\/p>\t\t\t\t<\/div>\n\t\t\t\t<\/div>\n\t\t\t\t\t<\/div>\n\t\t<\/div>\n\t\t\t\t\t<\/div>\n\t\t<\/section>\n\t\t\t\t<\/div>","protected":false},"excerpt":{"rendered":"<p>Privacy Policy Privacy Policy This privacy policy describes how your personal information is collected, used, and shared when you visit or make a purchase from http:\/\/veryselfbrand.com\/ Personal Information We Collect&hellip;<\/p>","protected":false},"author":1,"featured_media":0,"parent":0,"menu_order":0,"comment_status":"closed","ping_status":"closed","template":"","meta":{"footnotes":""},"class_list":["post-4029","page","type-page","status-publish","hentry"],"yoast_head":"<!-- This site is optimized with the Yoast SEO plugin v27.4 - https:\/\/yoast.com\/product\/yoast-seo-wordpress\/ -->\n<title>Privacy Policy - Veryself<\/title>\n<meta name=\"robots\" content=\"index, follow, max-snippet:-1, max-image-preview:large, max-video-preview:-1\" \/>\n<link rel=\"canonical\" href=\"https:\/\/veryselfbrand.com\/tr\/privacy-policy\/\" \/>\n<meta property=\"og:locale\" content=\"tr_TR\" \/>\n<meta property=\"og:type\" content=\"article\" \/>\n<meta property=\"og:title\" content=\"Privacy Policy - Veryself\" \/>\n<meta property=\"og:description\" content=\"Privacy Policy Privacy Policy This privacy policy describes how your personal information is collected, used, and shared when you visit or make a purchase from http:\/\/veryselfbrand.com\/ Personal Information We Collect&hellip;\" \/>\n<meta property=\"og:url\" content=\"https:\/\/veryselfbrand.com\/tr\/privacy-policy\/\" \/>\n<meta property=\"og:site_name\" content=\"Veryself\" \/>\n<meta property=\"article:modified_time\" content=\"2023-08-22T17:52:08+00:00\" \/>\n<meta name=\"twitter:card\" content=\"summary_large_image\" \/>\n<meta name=\"twitter:label1\" content=\"Tahmini okuma s\u00fcresi\" \/>\n\t<meta name=\"twitter:data1\" content=\"2 dakika\" \/>\n<script type=\"application\/ld+json\" class=\"yoast-schema-graph\">{\"@context\":\"https:\\\/\\\/schema.org\",\"@graph\":[{\"@type\":\"WebPage\",\"@id\":\"https:\\\/\\\/veryselfbrand.com\\\/privacy-policy\\\/\",\"url\":\"https:\\\/\\\/veryselfbrand.com\\\/privacy-policy\\\/\",\"name\":\"Privacy Policy - Veryself\",\"isPartOf\":{\"@id\":\"https:\\\/\\\/veryselfbrand.com\\\/#website\"},\"datePublished\":\"2022-05-17T12:14:30+00:00\",\"dateModified\":\"2023-08-22T17:52:08+00:00\",\"breadcrumb\":{\"@id\":\"https:\\\/\\\/veryselfbrand.com\\\/privacy-policy\\\/#breadcrumb\"},\"inLanguage\":\"tr\",\"potentialAction\":[{\"@type\":\"ReadAction\",\"target\":[\"https:\\\/\\\/veryselfbrand.com\\\/privacy-policy\\\/\"]}]},{\"@type\":\"BreadcrumbList\",\"@id\":\"https:\\\/\\\/veryselfbrand.com\\\/privacy-policy\\\/#breadcrumb\",\"itemListElement\":[{\"@type\":\"ListItem\",\"position\":1,\"name\":\"Home\",\"item\":\"https:\\\/\\\/veryselfbrand.com\\\/\"},{\"@type\":\"ListItem\",\"position\":2,\"name\":\"Privacy Policy\"}]},{\"@type\":\"WebSite\",\"@id\":\"https:\\\/\\\/veryselfbrand.com\\\/#website\",\"url\":\"https:\\\/\\\/veryselfbrand.com\\\/\",\"name\":\"Veryself\",\"description\":\"Upon femmine silhoutte\",\"publisher\":{\"@id\":\"https:\\\/\\\/veryselfbrand.com\\\/#organization\"},\"potentialAction\":[{\"@type\":\"SearchAction\",\"target\":{\"@type\":\"EntryPoint\",\"urlTemplate\":\"https:\\\/\\\/veryselfbrand.com\\\/?s={search_term_string}\"},\"query-input\":{\"@type\":\"PropertyValueSpecification\",\"valueRequired\":true,\"valueName\":\"search_term_string\"}}],\"inLanguage\":\"tr\"},{\"@type\":\"Organization\",\"@id\":\"https:\\\/\\\/veryselfbrand.com\\\/#organization\",\"name\":\"Veryself\",\"url\":\"https:\\\/\\\/veryselfbrand.com\\\/\",\"logo\":{\"@type\":\"ImageObject\",\"inLanguage\":\"tr\",\"@id\":\"https:\\\/\\\/veryselfbrand.com\\\/#\\\/schema\\\/logo\\\/image\\\/\",\"url\":\"http:\\\/\\\/veryselfbrand.com\\\/wp-content\\\/uploads\\\/2021\\\/02\\\/veryself_bl_xs.png\",\"contentUrl\":\"http:\\\/\\\/veryselfbrand.com\\\/wp-content\\\/uploads\\\/2021\\\/02\\\/veryself_bl_xs.png\",\"width\":200,\"height\":56,\"caption\":\"Veryself\"},\"image\":{\"@id\":\"https:\\\/\\\/veryselfbrand.com\\\/#\\\/schema\\\/logo\\\/image\\\/\"},\"sameAs\":[\"https:\\\/\\\/www.instagram.com\\\/veryself.brand\\\/\"]}]}<\/script>\n<!-- \/ Yoast SEO plugin. -->","yoast_head_json":{"title":"Privacy Policy - Veryself","robots":{"index":"index","follow":"follow","max-snippet":"max-snippet:-1","max-image-preview":"max-image-preview:large","max-video-preview":"max-video-preview:-1"},"canonical":"https:\/\/veryselfbrand.com\/tr\/privacy-policy\/","og_locale":"tr_TR","og_type":"article","og_title":"Privacy Policy - Veryself","og_description":"Privacy Policy Privacy Policy This privacy policy describes how your personal information is collected, used, and shared when you visit or make a purchase from http:\/\/veryselfbrand.com\/ Personal Information We Collect&hellip;","og_url":"https:\/\/veryselfbrand.com\/tr\/privacy-policy\/","og_site_name":"Veryself","article_modified_time":"2023-08-22T17:52:08+00:00","twitter_card":"summary_large_image","twitter_misc":{"Tahmini okuma s\u00fcresi":"2 dakika"},"schema":{"@context":"https:\/\/schema.org","@graph":[{"@type":"WebPage","@id":"https:\/\/veryselfbrand.com\/privacy-policy\/","url":"https:\/\/veryselfbrand.com\/privacy-policy\/","name":"Privacy Policy - Veryself","isPartOf":{"@id":"https:\/\/veryselfbrand.com\/#website"},"datePublished":"2022-05-17T12:14:30+00:00","dateModified":"2023-08-22T17:52:08+00:00","breadcrumb":{"@id":"https:\/\/veryselfbrand.com\/privacy-policy\/#breadcrumb"},"inLanguage":"tr","potentialAction":[{"@type":"ReadAction","target":["https:\/\/veryselfbrand.com\/privacy-policy\/"]}]},{"@type":"BreadcrumbList","@id":"https:\/\/veryselfbrand.com\/privacy-policy\/#breadcrumb","itemListElement":[{"@type":"ListItem","position":1,"name":"Home","item":"https:\/\/veryselfbrand.com\/"},{"@type":"ListItem","position":2,"name":"Privacy Policy"}]},{"@type":"WebSite","@id":"https:\/\/veryselfbrand.com\/#website","url":"https:\/\/veryselfbrand.com\/","name":"Veryself","description":"Upon femmine silhoutte","publisher":{"@id":"https:\/\/veryselfbrand.com\/#organization"},"potentialAction":[{"@type":"SearchAction","target":{"@type":"EntryPoint","urlTemplate":"https:\/\/veryselfbrand.com\/?s={search_term_string}"},"query-input":{"@type":"PropertyValueSpecification","valueRequired":true,"valueName":"search_term_string"}}],"inLanguage":"tr"},{"@type":"Organization","@id":"https:\/\/veryselfbrand.com\/#organization","name":"Veryself","url":"https:\/\/veryselfbrand.com\/","logo":{"@type":"ImageObject","inLanguage":"tr","@id":"https:\/\/veryselfbrand.com\/#\/schema\/logo\/image\/","url":"http:\/\/veryselfbrand.com\/wp-content\/uploads\/2021\/02\/veryself_bl_xs.png","contentUrl":"http:\/\/veryselfbrand.com\/wp-content\/uploads\/2021\/02\/veryself_bl_xs.png","width":200,"height":56,"caption":"Veryself"},"image":{"@id":"https:\/\/veryselfbrand.com\/#\/schema\/logo\/image\/"},"sameAs":["https:\/\/www.instagram.com\/veryself.brand\/"]}]}},"_links":{"self":[{"href":"https:\/\/veryselfbrand.com\/tr\/wp-json\/wp\/v2\/pages\/4029","targetHints":{"allow":["GET"]}}],"collection":[{"href":"https:\/\/veryselfbrand.com\/tr\/wp-json\/wp\/v2\/pages"}],"about":[{"href":"https:\/\/veryselfbrand.com\/tr\/wp-json\/wp\/v2\/types\/page"}],"author":[{"embeddable":true,"href":"https:\/\/veryselfbrand.com\/tr\/wp-json\/wp\/v2\/users\/1"}],"replies":[{"embeddable":true,"href":"https:\/\/veryselfbrand.com\/tr\/wp-json\/wp\/v2\/comments?post=4029"}],"version-history":[{"count":4,"href":"https:\/\/veryselfbrand.com\/tr\/wp-json\/wp\/v2\/pages\/4029\/revisions"}],"predecessor-version":[{"id":5477,"href":"https:\/\/veryselfbrand.com\/tr\/wp-json\/wp\/v2\/pages\/4029\/revisions\/5477"}],"wp:attachment":[{"href":"https:\/\/veryselfbrand.com\/tr\/wp-json\/wp\/v2\/media?parent=4029"}],"curies":[{"name":"wp","href":"https:\/\/api.w.org\/{rel}","templated":true}]}}