{"id":4182,"date":"2022-05-23T08:48:21","date_gmt":"2022-05-23T08:48:21","guid":{"rendered":"http:\/\/veryselfbrand.com\/?page_id=4182"},"modified":"2023-08-22T17:49:48","modified_gmt":"2023-08-22T17:49:48","slug":"shipping-exchange-returns","status":"publish","type":"page","link":"https:\/\/veryselfbrand.com\/tr\/shipping-exchange-returns\/","title":{"rendered":"Shipping &#8211; Exchange &#038; Returns"},"content":{"rendered":"<div data-elementor-type=\"wp-page\" data-elementor-id=\"4182\" class=\"elementor elementor-4182\">\n\t\t\t\t\t\t<section class=\"elementor-section elementor-top-section elementor-element elementor-element-72f9660 elementor-section-boxed elementor-section-height-default elementor-section-height-default\" data-id=\"72f9660\" data-element_type=\"section\" data-e-type=\"section\">\n\t\t\t\t\t\t<div class=\"elementor-container elementor-column-gap-default\">\n\t\t\t\t\t<div class=\"elementor-column elementor-col-100 elementor-top-column elementor-element elementor-element-c185c54\" data-id=\"c185c54\" data-element_type=\"column\" data-e-type=\"column\">\n\t\t\t<div class=\"elementor-widget-wrap elementor-element-populated\">\n\t\t\t\t\t\t<div class=\"elementor-element elementor-element-9d1bc05 elementor-widget elementor-widget-spacer\" data-id=\"9d1bc05\" data-element_type=\"widget\" data-e-type=\"widget\" data-widget_type=\"spacer.default\">\n\t\t\t\t<div class=\"elementor-widget-container\">\n\t\t\t\t\t\t\t<div class=\"elementor-spacer\">\n\t\t\t<div class=\"elementor-spacer-inner\"><\/div>\n\t\t<\/div>\n\t\t\t\t\t\t<\/div>\n\t\t\t\t<\/div>\n\t\t\t\t<div class=\"elementor-element elementor-element-00220ab elementor-widget elementor-widget-heading\" data-id=\"00220ab\" data-element_type=\"widget\" data-e-type=\"widget\" data-widget_type=\"heading.default\">\n\t\t\t\t<div class=\"elementor-widget-container\">\n\t\t\t\t\t<h2 class=\"elementor-heading-title elementor-size-default\">KARGO - DE\u011e\u0130\u015e\u0130M &amp; \u0130ADE<\/h2>\t\t\t\t<\/div>\n\t\t\t\t<\/div>\n\t\t\t\t<div class=\"elementor-element elementor-element-6b89623 elementor-widget elementor-widget-spacer\" data-id=\"6b89623\" data-element_type=\"widget\" data-e-type=\"widget\" data-widget_type=\"spacer.default\">\n\t\t\t\t<div class=\"elementor-widget-container\">\n\t\t\t\t\t\t\t<div class=\"elementor-spacer\">\n\t\t\t<div class=\"elementor-spacer-inner\"><\/div>\n\t\t<\/div>\n\t\t\t\t\t\t<\/div>\n\t\t\t\t<\/div>\n\t\t\t\t<div class=\"elementor-element elementor-element-ab5c043 elementor-widget elementor-widget-heading\" data-id=\"ab5c043\" data-element_type=\"widget\" data-e-type=\"widget\" data-widget_type=\"heading.default\">\n\t\t\t\t<div class=\"elementor-widget-container\">\n\t\t\t\t\t<p class=\"elementor-heading-title elementor-size-default\">KARGO\n<br><br>L\u00fctfen sipari\u015finizi vermeden \u00f6nce kargo adresinizi kontrol edin. Sipari\u015fleriniz 2-5 i\u015f g\u00fcn\u00fc i\u00e7inde kargolanacakt\u0131r. Cuma g\u00fcn\u00fc 14:00'ten sonra verilen sipari\u015fler Pazartesi g\u00fcn\u00fc i\u015fleme al\u0131nacakt\u0131r.\n\n<br><br>Sipari\u015finiz kargoland\u0131\u011f\u0131nda, size bir sipari\u015f takip maili g\u00f6nderilecektir. G\u00f6nderilen takip numaras\u0131 ile paketinizi a\u015fa\u011f\u0131daki linkten kontrol edebilirsiniz. Sipari\u015flerinizin kargo masraflar\u0131 Veryself'e aittir. Yurt d\u0131\u015f\u0131 g\u00f6nderimlerinde olu\u015fan g\u00fcmr\u00fck masraflar\u0131 al\u0131c\u0131ya aittir. <\/p>\t\t\t\t<\/div>\n\t\t\t\t<\/div>\n\t\t\t\t<div class=\"elementor-element elementor-element-499588a elementor-widget elementor-widget-heading\" data-id=\"499588a\" data-element_type=\"widget\" data-e-type=\"widget\" data-widget_type=\"heading.default\">\n\t\t\t\t<div class=\"elementor-widget-container\">\n\t\t\t\t\t<p class=\"elementor-heading-title elementor-size-default\"><a href=\"http:\/\/www.yurticikargo.com\/bilgi-servisleri\/sayfalar\/kargom-nerede.aspx\">http:\/\/www.yurticikargo.com\/bilgi-servisleri\/sayfalar\/kargom-nerede.aspx<\/a><\/p>\t\t\t\t<\/div>\n\t\t\t\t<\/div>\n\t\t\t\t<div class=\"elementor-element elementor-element-578e362 elementor-widget elementor-widget-heading\" data-id=\"578e362\" data-element_type=\"widget\" data-e-type=\"widget\" data-widget_type=\"heading.default\">\n\t\t\t\t<div class=\"elementor-widget-container\">\n\t\t\t\t\t<p class=\"elementor-heading-title elementor-size-default\">Kargonuzu teslim al\u0131rken paketi mutlaka kontrol etmelisiniz. E\u011fer kargo paketi hasarl\u0131ysa (y\u0131rt\u0131lm\u0131\u015f, ezilmi\u015f, \u0131slak vb.), hasar tespiti durumunda kargo yetkilisine tutanak tutturmal\u0131s\u0131n\u0131z. Kargo teslim al\u0131nd\u0131ktan sonra yap\u0131lan eksik veya hasarl\u0131 \u00fcr\u00fcn bildirimleri, tutanak olmad\u0131\u011f\u0131ndan incelenmeye tabidir. \u0130nceleme sonucuna ba\u011fl\u0131 olarak kabul edilebilir veya reddedilebilir.\n\n\n\n\n\n<br><br><br>\nEXCHANGES &amp; RETURNS\n<br><br>\nDe\u011fi\u015fimler\n<br><br>Sadece kusurlu veya hasarl\u0131 \u00fcr\u00fcnler ya da sipari\u015f edilen bedenin yanl\u0131\u015f g\u00f6nderilmesi durumunda \u00fcr\u00fcn de\u011fi\u015fimi yapmaktay\u0131z. Bir \u00fcr\u00fcn\u00fc de\u011fi\u015ftirmek istiyorsan\u0131z, sipari\u015f numaras\u0131, ad, e-posta adresi ve talebinizi i\u00e7eren bir e-postay\u0131 info@veryselfbrand.com adresine, sipari\u015finizin size ula\u015fmas\u0131ndan itibaren 14 g\u00fcn i\u00e7inde g\u00f6nderiniz. \n\n<br><br>\u0130adeler\n<br><br>Bir \u00fcr\u00fcn\u00fc iade etmek veya de\u011fi\u015ftirmek istiyorsan\u0131z, sipari\u015finizin size ula\u015fmas\u0131ndan itibaren 7 g\u00fcn i\u00e7inde sipari\u015f numaras\u0131, ad, e-posta adresi ve talebinizi i\u00e7eren bir e-postay\u0131 info@veryselfbrand.com adresine g\u00f6nderiniz. \u0130ade talebi olu\u015fturulmadan e-posta ile g\u00f6nderilen \u00fcr\u00fcnler iade al\u0131nmaz.\n<br><br>\u0130ade talepleriniz e-posta yoluyla yan\u0131tlanacak ve size bir onay maili g\u00f6nderilecektir. \u00dcr\u00fcn\u00fc size g\u00f6nderilen paketle birlikte iade etmeniz gerekmektedir. \u0130ade talebinizi olu\u015fturduktan sonra \u00fcr\u00fcn\u00fc eksiksiz bir \u015fekilde paketleyerek, e-posta ile size iletilen adrese g\u00f6nderebilirsiniz. T\u00fcm kargo masraflar\u0131 m\u00fc\u015fteri sorumlulu\u011fundad\u0131r. \n<br><br>Veryself, iade s\u0131ras\u0131nda hasar g\u00f6ren veya kaybolan \u00fcr\u00fcnlerden sorumlu tutulamaz. L\u00fctfen t\u00fcm \u00fcr\u00fcnlerin iyi paketlendi\u011finden emin olun. Giyilmi\u015f, y\u0131kanm\u0131\u015f veya orijinal durumda olmayan \u00fcr\u00fcnleri iade veya de\u011fi\u015fim yapamay\u0131z. \u00dcr\u00fcnler giyilmemi\u015f, kullan\u0131lmam\u0131\u015f ve sat\u0131labilir durumda olmal\u0131d\u0131r. Ayr\u0131ca orijinal ambalaj\u0131nda etiket ve i\u015faretlerle birlikte olmal\u0131d\u0131r. Sezon indirimlerinden sat\u0131n al\u0131nan \u00fcr\u00fcnler i\u00e7in iade, geri \u00f6deme veya de\u011fi\u015fim sunmuyoruz. \n\n<\/p>\t\t\t\t<\/div>\n\t\t\t\t<\/div>\n\t\t\t\t\t<\/div>\n\t\t<\/div>\n\t\t\t\t\t<\/div>\n\t\t<\/section>\n\t\t\t\t<\/div>","protected":false},"excerpt":{"rendered":"<p>SHIPPING &#8211; EXCHANGES &amp; RETURNS SHIPPING Please check your shipping address before placing your order. Your orders will be shipped within 2-5 working days. Orders placed after 14:00 on Friday&hellip;<\/p>","protected":false},"author":1,"featured_media":0,"parent":0,"menu_order":0,"comment_status":"closed","ping_status":"closed","template":"","meta":{"footnotes":""},"class_list":["post-4182","page","type-page","status-publish","hentry"],"yoast_head":"<!-- This site is optimized with the Yoast SEO plugin v27.4 - https:\/\/yoast.com\/product\/yoast-seo-wordpress\/ -->\n<title>Shipping - Exchange &amp; Returns - Veryself<\/title>\n<meta name=\"robots\" content=\"index, follow, max-snippet:-1, max-image-preview:large, max-video-preview:-1\" \/>\n<link rel=\"canonical\" href=\"https:\/\/veryselfbrand.com\/tr\/shipping-exchange-returns\/\" \/>\n<meta property=\"og:locale\" content=\"tr_TR\" \/>\n<meta property=\"og:type\" content=\"article\" \/>\n<meta property=\"og:title\" content=\"Shipping - Exchange &amp; Returns - Veryself\" \/>\n<meta property=\"og:description\" content=\"SHIPPING &#8211; EXCHANGES &amp; RETURNS SHIPPING Please check your shipping address before placing your order. Your orders will be shipped within 2-5 working days. Orders placed after 14:00 on Friday&hellip;\" \/>\n<meta property=\"og:url\" content=\"https:\/\/veryselfbrand.com\/tr\/shipping-exchange-returns\/\" \/>\n<meta property=\"og:site_name\" content=\"Veryself\" \/>\n<meta property=\"article:modified_time\" content=\"2023-08-22T17:49:48+00:00\" \/>\n<meta name=\"twitter:card\" content=\"summary_large_image\" \/>\n<meta name=\"twitter:label1\" content=\"Tahmini okuma s\u00fcresi\" \/>\n\t<meta name=\"twitter:data1\" content=\"2 dakika\" \/>\n<script type=\"application\/ld+json\" class=\"yoast-schema-graph\">{\"@context\":\"https:\\\/\\\/schema.org\",\"@graph\":[{\"@type\":\"WebPage\",\"@id\":\"https:\\\/\\\/veryselfbrand.com\\\/shipping-exchange-returns\\\/\",\"url\":\"https:\\\/\\\/veryselfbrand.com\\\/shipping-exchange-returns\\\/\",\"name\":\"Shipping - Exchange & Returns - Veryself\",\"isPartOf\":{\"@id\":\"https:\\\/\\\/veryselfbrand.com\\\/#website\"},\"datePublished\":\"2022-05-23T08:48:21+00:00\",\"dateModified\":\"2023-08-22T17:49:48+00:00\",\"breadcrumb\":{\"@id\":\"https:\\\/\\\/veryselfbrand.com\\\/shipping-exchange-returns\\\/#breadcrumb\"},\"inLanguage\":\"tr\",\"potentialAction\":[{\"@type\":\"ReadAction\",\"target\":[\"https:\\\/\\\/veryselfbrand.com\\\/shipping-exchange-returns\\\/\"]}]},{\"@type\":\"BreadcrumbList\",\"@id\":\"https:\\\/\\\/veryselfbrand.com\\\/shipping-exchange-returns\\\/#breadcrumb\",\"itemListElement\":[{\"@type\":\"ListItem\",\"position\":1,\"name\":\"Home\",\"item\":\"https:\\\/\\\/veryselfbrand.com\\\/\"},{\"@type\":\"ListItem\",\"position\":2,\"name\":\"Shipping &#8211; Exchange &#038; Returns\"}]},{\"@type\":\"WebSite\",\"@id\":\"https:\\\/\\\/veryselfbrand.com\\\/#website\",\"url\":\"https:\\\/\\\/veryselfbrand.com\\\/\",\"name\":\"Veryself\",\"description\":\"Upon femmine silhoutte\",\"publisher\":{\"@id\":\"https:\\\/\\\/veryselfbrand.com\\\/#organization\"},\"potentialAction\":[{\"@type\":\"SearchAction\",\"target\":{\"@type\":\"EntryPoint\",\"urlTemplate\":\"https:\\\/\\\/veryselfbrand.com\\\/?s={search_term_string}\"},\"query-input\":{\"@type\":\"PropertyValueSpecification\",\"valueRequired\":true,\"valueName\":\"search_term_string\"}}],\"inLanguage\":\"tr\"},{\"@type\":\"Organization\",\"@id\":\"https:\\\/\\\/veryselfbrand.com\\\/#organization\",\"name\":\"Veryself\",\"url\":\"https:\\\/\\\/veryselfbrand.com\\\/\",\"logo\":{\"@type\":\"ImageObject\",\"inLanguage\":\"tr\",\"@id\":\"https:\\\/\\\/veryselfbrand.com\\\/#\\\/schema\\\/logo\\\/image\\\/\",\"url\":\"http:\\\/\\\/veryselfbrand.com\\\/wp-content\\\/uploads\\\/2021\\\/02\\\/veryself_bl_xs.png\",\"contentUrl\":\"http:\\\/\\\/veryselfbrand.com\\\/wp-content\\\/uploads\\\/2021\\\/02\\\/veryself_bl_xs.png\",\"width\":200,\"height\":56,\"caption\":\"Veryself\"},\"image\":{\"@id\":\"https:\\\/\\\/veryselfbrand.com\\\/#\\\/schema\\\/logo\\\/image\\\/\"},\"sameAs\":[\"https:\\\/\\\/www.instagram.com\\\/veryself.brand\\\/\"]}]}<\/script>\n<!-- \/ Yoast SEO plugin. -->","yoast_head_json":{"title":"Shipping - Exchange & Returns - Veryself","robots":{"index":"index","follow":"follow","max-snippet":"max-snippet:-1","max-image-preview":"max-image-preview:large","max-video-preview":"max-video-preview:-1"},"canonical":"https:\/\/veryselfbrand.com\/tr\/shipping-exchange-returns\/","og_locale":"tr_TR","og_type":"article","og_title":"Shipping - Exchange & Returns - Veryself","og_description":"SHIPPING &#8211; EXCHANGES &amp; RETURNS SHIPPING Please check your shipping address before placing your order. Your orders will be shipped within 2-5 working days. Orders placed after 14:00 on Friday&hellip;","og_url":"https:\/\/veryselfbrand.com\/tr\/shipping-exchange-returns\/","og_site_name":"Veryself","article_modified_time":"2023-08-22T17:49:48+00:00","twitter_card":"summary_large_image","twitter_misc":{"Tahmini okuma s\u00fcresi":"2 dakika"},"schema":{"@context":"https:\/\/schema.org","@graph":[{"@type":"WebPage","@id":"https:\/\/veryselfbrand.com\/shipping-exchange-returns\/","url":"https:\/\/veryselfbrand.com\/shipping-exchange-returns\/","name":"Shipping - Exchange & Returns - Veryself","isPartOf":{"@id":"https:\/\/veryselfbrand.com\/#website"},"datePublished":"2022-05-23T08:48:21+00:00","dateModified":"2023-08-22T17:49:48+00:00","breadcrumb":{"@id":"https:\/\/veryselfbrand.com\/shipping-exchange-returns\/#breadcrumb"},"inLanguage":"tr","potentialAction":[{"@type":"ReadAction","target":["https:\/\/veryselfbrand.com\/shipping-exchange-returns\/"]}]},{"@type":"BreadcrumbList","@id":"https:\/\/veryselfbrand.com\/shipping-exchange-returns\/#breadcrumb","itemListElement":[{"@type":"ListItem","position":1,"name":"Home","item":"https:\/\/veryselfbrand.com\/"},{"@type":"ListItem","position":2,"name":"Shipping &#8211; Exchange &#038; Returns"}]},{"@type":"WebSite","@id":"https:\/\/veryselfbrand.com\/#website","url":"https:\/\/veryselfbrand.com\/","name":"Veryself","description":"Upon femmine silhoutte","publisher":{"@id":"https:\/\/veryselfbrand.com\/#organization"},"potentialAction":[{"@type":"SearchAction","target":{"@type":"EntryPoint","urlTemplate":"https:\/\/veryselfbrand.com\/?s={search_term_string}"},"query-input":{"@type":"PropertyValueSpecification","valueRequired":true,"valueName":"search_term_string"}}],"inLanguage":"tr"},{"@type":"Organization","@id":"https:\/\/veryselfbrand.com\/#organization","name":"Veryself","url":"https:\/\/veryselfbrand.com\/","logo":{"@type":"ImageObject","inLanguage":"tr","@id":"https:\/\/veryselfbrand.com\/#\/schema\/logo\/image\/","url":"http:\/\/veryselfbrand.com\/wp-content\/uploads\/2021\/02\/veryself_bl_xs.png","contentUrl":"http:\/\/veryselfbrand.com\/wp-content\/uploads\/2021\/02\/veryself_bl_xs.png","width":200,"height":56,"caption":"Veryself"},"image":{"@id":"https:\/\/veryselfbrand.com\/#\/schema\/logo\/image\/"},"sameAs":["https:\/\/www.instagram.com\/veryself.brand\/"]}]}},"_links":{"self":[{"href":"https:\/\/veryselfbrand.com\/tr\/wp-json\/wp\/v2\/pages\/4182","targetHints":{"allow":["GET"]}}],"collection":[{"href":"https:\/\/veryselfbrand.com\/tr\/wp-json\/wp\/v2\/pages"}],"about":[{"href":"https:\/\/veryselfbrand.com\/tr\/wp-json\/wp\/v2\/types\/page"}],"author":[{"embeddable":true,"href":"https:\/\/veryselfbrand.com\/tr\/wp-json\/wp\/v2\/users\/1"}],"replies":[{"embeddable":true,"href":"https:\/\/veryselfbrand.com\/tr\/wp-json\/wp\/v2\/comments?post=4182"}],"version-history":[{"count":4,"href":"https:\/\/veryselfbrand.com\/tr\/wp-json\/wp\/v2\/pages\/4182\/revisions"}],"predecessor-version":[{"id":5476,"href":"https:\/\/veryselfbrand.com\/tr\/wp-json\/wp\/v2\/pages\/4182\/revisions\/5476"}],"wp:attachment":[{"href":"https:\/\/veryselfbrand.com\/tr\/wp-json\/wp\/v2\/media?parent=4182"}],"curies":[{"name":"wp","href":"https:\/\/api.w.org\/{rel}","templated":true}]}}