{"id":3460,"date":"2022-05-13T04:41:27","date_gmt":"2022-05-13T04:41:27","guid":{"rendered":"http:\/\/veryselfbrand.com\/?post_type=product&#038;p=3460"},"modified":"2025-05-15T10:38:16","modified_gmt":"2025-05-15T10:38:16","slug":"a-bunch-of-olive-set","status":"publish","type":"product","link":"https:\/\/veryselfbrand.com\/tr\/urun\/a-bunch-of-olive-set\/","title":{"rendered":"A Bunch of Olive Set"},"content":{"rendered":"<p class=\"p1\"><strong>\u00dcr\u00fcn \u00d6zellikleri:<\/strong><\/p>\n<p class=\"p1\">\u25cf Elastic Cross strap detail crop top<\/p>\n<p class=\"p1\">\u25cf Rustic cut trousers<\/p>\n<p class=\"p1\">\u25cf Cotton linen blend fabric<\/p>\n<p><a href=\"http:\/\/veryselfbrand.com\/wp-content\/uploads\/2021\/02\/WhatsApp-Image-2022-05-24-at-14.32.35-1.jpeg\"><img decoding=\"async\" class=\"alignnone wp-image-4506\" src=\"http:\/\/veryselfbrand.com\/wp-content\/uploads\/2022\/05\/3176108-300x124.png\" alt=\"\" width=\"94\" height=\"39\" srcset=\"https:\/\/veryselfbrand.com\/wp-content\/uploads\/2022\/05\/3176108-300x124.png 300w, https:\/\/veryselfbrand.com\/wp-content\/uploads\/2022\/05\/3176108-680x281.png 680w, https:\/\/veryselfbrand.com\/wp-content\/uploads\/2022\/05\/3176108-840x347.png 840w, https:\/\/veryselfbrand.com\/wp-content\/uploads\/2022\/05\/3176108-1024x423.png 1024w, https:\/\/veryselfbrand.com\/wp-content\/uploads\/2022\/05\/3176108-768x317.png 768w, https:\/\/veryselfbrand.com\/wp-content\/uploads\/2022\/05\/3176108-1000x413.png 1000w, https:\/\/veryselfbrand.com\/wp-content\/uploads\/2022\/05\/3176108.png 1240w\" sizes=\"(max-width: 94px) 100vw, 94px\" \/><\/a><\/p>","protected":false},"excerpt":{"rendered":"<p class=\"p1\">The green color of nature, which gives peace and happiness, is ready to give happiness to Veryself women with this model! Enjoy all summer comfort with this set, which consists of a crop top with elastic crossover straps and a rustic cut trousers.<\/p>","protected":false},"featured_media":3464,"template":"","meta":[],"product_brand":[],"product_cat":[125,87,252,126],"product_tag":[89,97,90,93,92],"class_list":{"0":"post-3460","1":"product","2":"type-product","3":"status-publish","4":"has-post-thumbnail","6":"product_cat-all","7":"product_cat-categories","8":"product_cat-sale","9":"product_cat-sets","10":"product_tag-cotton","11":"product_tag-crop-top","12":"product_tag-linen","13":"product_tag-rustic","14":"product_tag-trousers","16":"first","17":"instock","18":"sale","19":"shipping-taxable","20":"purchasable","21":"product-type-variable"},"yoast_head":"<!-- This site is optimized with the Yoast SEO plugin v27.4 - https:\/\/yoast.com\/product\/yoast-seo-wordpress\/ -->\n<title>A Bunch of Olive Set - Veryself<\/title>\n<meta name=\"robots\" content=\"index, follow, max-snippet:-1, max-image-preview:large, max-video-preview:-1\" \/>\n<link rel=\"canonical\" href=\"https:\/\/veryselfbrand.com\/tr\/urun\/a-bunch-of-olive-set\/\" \/>\n<meta property=\"og:locale\" content=\"tr_TR\" \/>\n<meta property=\"og:type\" content=\"article\" \/>\n<meta property=\"og:title\" content=\"A Bunch of Olive Set - Veryself\" \/>\n<meta property=\"og:description\" content=\"The green color of nature, which gives peace and happiness, is ready to give happiness to Veryself women with this model! Enjoy all summer comfort with this set, which consists of a crop top with elastic crossover straps and a rustic cut trousers.\" \/>\n<meta property=\"og:url\" content=\"https:\/\/veryselfbrand.com\/tr\/urun\/a-bunch-of-olive-set\/\" \/>\n<meta property=\"og:site_name\" content=\"Veryself\" \/>\n<meta property=\"article:modified_time\" content=\"2025-05-15T10:38:16+00:00\" \/>\n<meta property=\"og:image\" content=\"https:\/\/veryselfbrand.com\/wp-content\/uploads\/2022\/05\/DSCF0918-2.jpg\" \/>\n\t<meta property=\"og:image:width\" content=\"653\" \/>\n\t<meta property=\"og:image:height\" content=\"980\" \/>\n\t<meta property=\"og:image:type\" content=\"image\/jpeg\" \/>\n<meta name=\"twitter:card\" content=\"summary_large_image\" \/>\n<meta name=\"twitter:label1\" content=\"Tahmini okuma s\u00fcresi\" \/>\n\t<meta name=\"twitter:data1\" content=\"1 dakika\" \/>\n<script type=\"application\/ld+json\" class=\"yoast-schema-graph\">{\"@context\":\"https:\\\/\\\/schema.org\",\"@graph\":[{\"@type\":\"WebPage\",\"@id\":\"https:\\\/\\\/veryselfbrand.com\\\/product\\\/a-bunch-of-olive-set\\\/\",\"url\":\"https:\\\/\\\/veryselfbrand.com\\\/product\\\/a-bunch-of-olive-set\\\/\",\"name\":\"A Bunch of Olive Set - Veryself\",\"isPartOf\":{\"@id\":\"https:\\\/\\\/veryselfbrand.com\\\/#website\"},\"primaryImageOfPage\":{\"@id\":\"https:\\\/\\\/veryselfbrand.com\\\/product\\\/a-bunch-of-olive-set\\\/#primaryimage\"},\"image\":{\"@id\":\"https:\\\/\\\/veryselfbrand.com\\\/product\\\/a-bunch-of-olive-set\\\/#primaryimage\"},\"thumbnailUrl\":\"https:\\\/\\\/veryselfbrand.com\\\/wp-content\\\/uploads\\\/2022\\\/05\\\/DSCF0918-2.jpg\",\"datePublished\":\"2022-05-13T04:41:27+00:00\",\"dateModified\":\"2025-05-15T10:38:16+00:00\",\"breadcrumb\":{\"@id\":\"https:\\\/\\\/veryselfbrand.com\\\/product\\\/a-bunch-of-olive-set\\\/#breadcrumb\"},\"inLanguage\":\"tr\",\"potentialAction\":[{\"@type\":\"ReadAction\",\"target\":[\"https:\\\/\\\/veryselfbrand.com\\\/product\\\/a-bunch-of-olive-set\\\/\"]}]},{\"@type\":\"ImageObject\",\"inLanguage\":\"tr\",\"@id\":\"https:\\\/\\\/veryselfbrand.com\\\/product\\\/a-bunch-of-olive-set\\\/#primaryimage\",\"url\":\"https:\\\/\\\/veryselfbrand.com\\\/wp-content\\\/uploads\\\/2022\\\/05\\\/DSCF0918-2.jpg\",\"contentUrl\":\"https:\\\/\\\/veryselfbrand.com\\\/wp-content\\\/uploads\\\/2022\\\/05\\\/DSCF0918-2.jpg\",\"width\":653,\"height\":980},{\"@type\":\"BreadcrumbList\",\"@id\":\"https:\\\/\\\/veryselfbrand.com\\\/product\\\/a-bunch-of-olive-set\\\/#breadcrumb\",\"itemListElement\":[{\"@type\":\"ListItem\",\"position\":1,\"name\":\"Home\",\"item\":\"https:\\\/\\\/veryselfbrand.com\\\/\"},{\"@type\":\"ListItem\",\"position\":2,\"name\":\"Shop\",\"item\":\"https:\\\/\\\/veryselfbrand.com\\\/shop\\\/\"},{\"@type\":\"ListItem\",\"position\":3,\"name\":\"A Bunch of Olive Set\"}]},{\"@type\":\"WebSite\",\"@id\":\"https:\\\/\\\/veryselfbrand.com\\\/#website\",\"url\":\"https:\\\/\\\/veryselfbrand.com\\\/\",\"name\":\"Veryself\",\"description\":\"Upon femmine silhoutte\",\"publisher\":{\"@id\":\"https:\\\/\\\/veryselfbrand.com\\\/#organization\"},\"potentialAction\":[{\"@type\":\"SearchAction\",\"target\":{\"@type\":\"EntryPoint\",\"urlTemplate\":\"https:\\\/\\\/veryselfbrand.com\\\/?s={search_term_string}\"},\"query-input\":{\"@type\":\"PropertyValueSpecification\",\"valueRequired\":true,\"valueName\":\"search_term_string\"}}],\"inLanguage\":\"tr\"},{\"@type\":\"Organization\",\"@id\":\"https:\\\/\\\/veryselfbrand.com\\\/#organization\",\"name\":\"Veryself\",\"url\":\"https:\\\/\\\/veryselfbrand.com\\\/\",\"logo\":{\"@type\":\"ImageObject\",\"inLanguage\":\"tr\",\"@id\":\"https:\\\/\\\/veryselfbrand.com\\\/#\\\/schema\\\/logo\\\/image\\\/\",\"url\":\"http:\\\/\\\/veryselfbrand.com\\\/wp-content\\\/uploads\\\/2021\\\/02\\\/veryself_bl_xs.png\",\"contentUrl\":\"http:\\\/\\\/veryselfbrand.com\\\/wp-content\\\/uploads\\\/2021\\\/02\\\/veryself_bl_xs.png\",\"width\":200,\"height\":56,\"caption\":\"Veryself\"},\"image\":{\"@id\":\"https:\\\/\\\/veryselfbrand.com\\\/#\\\/schema\\\/logo\\\/image\\\/\"},\"sameAs\":[\"https:\\\/\\\/www.instagram.com\\\/veryself.brand\\\/\"]}]}<\/script>\n<!-- \/ Yoast SEO plugin. -->","yoast_head_json":{"title":"A Bunch of Olive Set - Veryself","robots":{"index":"index","follow":"follow","max-snippet":"max-snippet:-1","max-image-preview":"max-image-preview:large","max-video-preview":"max-video-preview:-1"},"canonical":"https:\/\/veryselfbrand.com\/tr\/urun\/a-bunch-of-olive-set\/","og_locale":"tr_TR","og_type":"article","og_title":"A Bunch of Olive Set - Veryself","og_description":"The green color of nature, which gives peace and happiness, is ready to give happiness to Veryself women with this model! Enjoy all summer comfort with this set, which consists of a crop top with elastic crossover straps and a rustic cut trousers.","og_url":"https:\/\/veryselfbrand.com\/tr\/urun\/a-bunch-of-olive-set\/","og_site_name":"Veryself","article_modified_time":"2025-05-15T10:38:16+00:00","og_image":[{"width":653,"height":980,"url":"https:\/\/veryselfbrand.com\/wp-content\/uploads\/2022\/05\/DSCF0918-2.jpg","type":"image\/jpeg"}],"twitter_card":"summary_large_image","twitter_misc":{"Tahmini okuma s\u00fcresi":"1 dakika"},"schema":{"@context":"https:\/\/schema.org","@graph":[{"@type":"WebPage","@id":"https:\/\/veryselfbrand.com\/product\/a-bunch-of-olive-set\/","url":"https:\/\/veryselfbrand.com\/product\/a-bunch-of-olive-set\/","name":"A Bunch of Olive Set - Veryself","isPartOf":{"@id":"https:\/\/veryselfbrand.com\/#website"},"primaryImageOfPage":{"@id":"https:\/\/veryselfbrand.com\/product\/a-bunch-of-olive-set\/#primaryimage"},"image":{"@id":"https:\/\/veryselfbrand.com\/product\/a-bunch-of-olive-set\/#primaryimage"},"thumbnailUrl":"https:\/\/veryselfbrand.com\/wp-content\/uploads\/2022\/05\/DSCF0918-2.jpg","datePublished":"2022-05-13T04:41:27+00:00","dateModified":"2025-05-15T10:38:16+00:00","breadcrumb":{"@id":"https:\/\/veryselfbrand.com\/product\/a-bunch-of-olive-set\/#breadcrumb"},"inLanguage":"tr","potentialAction":[{"@type":"ReadAction","target":["https:\/\/veryselfbrand.com\/product\/a-bunch-of-olive-set\/"]}]},{"@type":"ImageObject","inLanguage":"tr","@id":"https:\/\/veryselfbrand.com\/product\/a-bunch-of-olive-set\/#primaryimage","url":"https:\/\/veryselfbrand.com\/wp-content\/uploads\/2022\/05\/DSCF0918-2.jpg","contentUrl":"https:\/\/veryselfbrand.com\/wp-content\/uploads\/2022\/05\/DSCF0918-2.jpg","width":653,"height":980},{"@type":"BreadcrumbList","@id":"https:\/\/veryselfbrand.com\/product\/a-bunch-of-olive-set\/#breadcrumb","itemListElement":[{"@type":"ListItem","position":1,"name":"Home","item":"https:\/\/veryselfbrand.com\/"},{"@type":"ListItem","position":2,"name":"Shop","item":"https:\/\/veryselfbrand.com\/shop\/"},{"@type":"ListItem","position":3,"name":"A Bunch of Olive Set"}]},{"@type":"WebSite","@id":"https:\/\/veryselfbrand.com\/#website","url":"https:\/\/veryselfbrand.com\/","name":"Veryself","description":"Upon femmine silhoutte","publisher":{"@id":"https:\/\/veryselfbrand.com\/#organization"},"potentialAction":[{"@type":"SearchAction","target":{"@type":"EntryPoint","urlTemplate":"https:\/\/veryselfbrand.com\/?s={search_term_string}"},"query-input":{"@type":"PropertyValueSpecification","valueRequired":true,"valueName":"search_term_string"}}],"inLanguage":"tr"},{"@type":"Organization","@id":"https:\/\/veryselfbrand.com\/#organization","name":"Veryself","url":"https:\/\/veryselfbrand.com\/","logo":{"@type":"ImageObject","inLanguage":"tr","@id":"https:\/\/veryselfbrand.com\/#\/schema\/logo\/image\/","url":"http:\/\/veryselfbrand.com\/wp-content\/uploads\/2021\/02\/veryself_bl_xs.png","contentUrl":"http:\/\/veryselfbrand.com\/wp-content\/uploads\/2021\/02\/veryself_bl_xs.png","width":200,"height":56,"caption":"Veryself"},"image":{"@id":"https:\/\/veryselfbrand.com\/#\/schema\/logo\/image\/"},"sameAs":["https:\/\/www.instagram.com\/veryself.brand\/"]}]}},"_links":{"self":[{"href":"https:\/\/veryselfbrand.com\/tr\/wp-json\/wp\/v2\/product\/3460","targetHints":{"allow":["GET"]}}],"collection":[{"href":"https:\/\/veryselfbrand.com\/tr\/wp-json\/wp\/v2\/product"}],"about":[{"href":"https:\/\/veryselfbrand.com\/tr\/wp-json\/wp\/v2\/types\/product"}],"wp:featuredmedia":[{"embeddable":true,"href":"https:\/\/veryselfbrand.com\/tr\/wp-json\/wp\/v2\/media\/3464"}],"wp:attachment":[{"href":"https:\/\/veryselfbrand.com\/tr\/wp-json\/wp\/v2\/media?parent=3460"}],"wp:term":[{"taxonomy":"product_brand","embeddable":true,"href":"https:\/\/veryselfbrand.com\/tr\/wp-json\/wp\/v2\/product_brand?post=3460"},{"taxonomy":"product_cat","embeddable":true,"href":"https:\/\/veryselfbrand.com\/tr\/wp-json\/wp\/v2\/product_cat?post=3460"},{"taxonomy":"product_tag","embeddable":true,"href":"https:\/\/veryselfbrand.com\/tr\/wp-json\/wp\/v2\/product_tag?post=3460"}],"curies":[{"name":"wp","href":"https:\/\/api.w.org\/{rel}","templated":true}]}}