{"id":3608,"date":"2022-05-13T13:11:52","date_gmt":"2022-05-13T13:11:52","guid":{"rendered":"http:\/\/veryselfbrand.com\/?post_type=product&#038;p=3608"},"modified":"2025-05-15T10:28:07","modified_gmt":"2025-05-15T10:28:07","slug":"phoenix-front-slit-drapped-midi-skirt-black","status":"publish","type":"product","link":"https:\/\/veryselfbrand.com\/tr\/urun\/phoenix-front-slit-drapped-midi-skirt-black\/","title":{"rendered":"Phoenix Front Slit Drapped Midi Skirt Black"},"content":{"rendered":"<p class=\"p1\"><strong>\u00dcr\u00fcn \u00d6zellikleri:<\/strong><\/p>\n<p class=\"p1\">\u25cf Draped Jersey<\/p>\n<p class=\"p1\">\u25cf Midi skirt with front slit<\/p>\n<p><a href=\"http:\/\/veryselfbrand.com\/wp-content\/uploads\/2021\/02\/WhatsApp-Image-2022-05-24-at-14.32.35-1.jpeg\"><img decoding=\"async\" class=\"alignnone wp-image-4506\" src=\"http:\/\/veryselfbrand.com\/wp-content\/uploads\/2022\/05\/3176108-300x124.png\" alt=\"\" width=\"94\" height=\"39\" srcset=\"https:\/\/veryselfbrand.com\/wp-content\/uploads\/2022\/05\/3176108-300x124.png 300w, https:\/\/veryselfbrand.com\/wp-content\/uploads\/2022\/05\/3176108-680x281.png 680w, https:\/\/veryselfbrand.com\/wp-content\/uploads\/2022\/05\/3176108-840x347.png 840w, https:\/\/veryselfbrand.com\/wp-content\/uploads\/2022\/05\/3176108-1024x423.png 1024w, https:\/\/veryselfbrand.com\/wp-content\/uploads\/2022\/05\/3176108-768x317.png 768w, https:\/\/veryselfbrand.com\/wp-content\/uploads\/2022\/05\/3176108-1000x413.png 1000w, https:\/\/veryselfbrand.com\/wp-content\/uploads\/2022\/05\/3176108.png 1240w\" sizes=\"(max-width: 94px) 100vw, 94px\" \/><\/a><\/p>","protected":false},"excerpt":{"rendered":"<p class=\"p1\">Phoenix midi skirt offers an assertive look with its jersey fabric and front slit, which is bringing the power of the legendary bird together with women!<\/p>","protected":false},"featured_media":3578,"template":"","meta":[],"product_brand":[],"product_cat":[125,87,252,69],"product_tag":[110,107,111,105],"class_list":{"0":"post-3608","1":"product","2":"type-product","3":"status-publish","4":"has-post-thumbnail","6":"product_cat-all","7":"product_cat-categories","8":"product_cat-sale","9":"product_cat-skirts","10":"product_tag-draped","11":"product_tag-jersey","12":"product_tag-midi-skirt","13":"product_tag-slit","15":"first","16":"instock","17":"sale","18":"shipping-taxable","19":"purchasable","20":"product-type-variable"},"yoast_head":"<!-- This site is optimized with the Yoast SEO plugin v27.4 - https:\/\/yoast.com\/product\/yoast-seo-wordpress\/ -->\n<title>Phoenix Front Slit Drapped Midi Skirt Black - Veryself<\/title>\n<meta name=\"robots\" content=\"index, follow, max-snippet:-1, max-image-preview:large, max-video-preview:-1\" \/>\n<link rel=\"canonical\" href=\"https:\/\/veryselfbrand.com\/tr\/urun\/phoenix-front-slit-drapped-midi-skirt-black\/\" \/>\n<meta property=\"og:locale\" content=\"tr_TR\" \/>\n<meta property=\"og:type\" content=\"article\" \/>\n<meta property=\"og:title\" content=\"Phoenix Front Slit Drapped Midi Skirt Black - Veryself\" \/>\n<meta property=\"og:description\" content=\"Phoenix midi skirt offers an assertive look with its jersey fabric and front slit, which is bringing the power of the legendary bird together with women!\" \/>\n<meta property=\"og:url\" content=\"https:\/\/veryselfbrand.com\/tr\/urun\/phoenix-front-slit-drapped-midi-skirt-black\/\" \/>\n<meta property=\"og:site_name\" content=\"Veryself\" \/>\n<meta property=\"article:modified_time\" content=\"2025-05-15T10:28:07+00:00\" \/>\n<meta property=\"og:image\" content=\"https:\/\/veryselfbrand.com\/wp-content\/uploads\/2022\/05\/IEP_0334-lt.jpg\" \/>\n\t<meta property=\"og:image:width\" content=\"909\" \/>\n\t<meta property=\"og:image:height\" content=\"1364\" \/>\n\t<meta property=\"og:image:type\" content=\"image\/jpeg\" \/>\n<meta name=\"twitter:card\" content=\"summary_large_image\" \/>\n<meta name=\"twitter:label1\" content=\"Tahmini okuma s\u00fcresi\" \/>\n\t<meta name=\"twitter:data1\" content=\"1 dakika\" \/>\n<script type=\"application\/ld+json\" class=\"yoast-schema-graph\">{\"@context\":\"https:\\\/\\\/schema.org\",\"@graph\":[{\"@type\":\"WebPage\",\"@id\":\"https:\\\/\\\/veryselfbrand.com\\\/product\\\/phoenix-front-slit-drapped-midi-skirt-black\\\/\",\"url\":\"https:\\\/\\\/veryselfbrand.com\\\/product\\\/phoenix-front-slit-drapped-midi-skirt-black\\\/\",\"name\":\"Phoenix Front Slit Drapped Midi Skirt Black - Veryself\",\"isPartOf\":{\"@id\":\"https:\\\/\\\/veryselfbrand.com\\\/#website\"},\"primaryImageOfPage\":{\"@id\":\"https:\\\/\\\/veryselfbrand.com\\\/product\\\/phoenix-front-slit-drapped-midi-skirt-black\\\/#primaryimage\"},\"image\":{\"@id\":\"https:\\\/\\\/veryselfbrand.com\\\/product\\\/phoenix-front-slit-drapped-midi-skirt-black\\\/#primaryimage\"},\"thumbnailUrl\":\"https:\\\/\\\/veryselfbrand.com\\\/wp-content\\\/uploads\\\/2022\\\/05\\\/IEP_0334-lt.jpg\",\"datePublished\":\"2022-05-13T13:11:52+00:00\",\"dateModified\":\"2025-05-15T10:28:07+00:00\",\"breadcrumb\":{\"@id\":\"https:\\\/\\\/veryselfbrand.com\\\/product\\\/phoenix-front-slit-drapped-midi-skirt-black\\\/#breadcrumb\"},\"inLanguage\":\"tr\",\"potentialAction\":[{\"@type\":\"ReadAction\",\"target\":[\"https:\\\/\\\/veryselfbrand.com\\\/product\\\/phoenix-front-slit-drapped-midi-skirt-black\\\/\"]}]},{\"@type\":\"ImageObject\",\"inLanguage\":\"tr\",\"@id\":\"https:\\\/\\\/veryselfbrand.com\\\/product\\\/phoenix-front-slit-drapped-midi-skirt-black\\\/#primaryimage\",\"url\":\"https:\\\/\\\/veryselfbrand.com\\\/wp-content\\\/uploads\\\/2022\\\/05\\\/IEP_0334-lt.jpg\",\"contentUrl\":\"https:\\\/\\\/veryselfbrand.com\\\/wp-content\\\/uploads\\\/2022\\\/05\\\/IEP_0334-lt.jpg\",\"width\":909,\"height\":1364},{\"@type\":\"BreadcrumbList\",\"@id\":\"https:\\\/\\\/veryselfbrand.com\\\/product\\\/phoenix-front-slit-drapped-midi-skirt-black\\\/#breadcrumb\",\"itemListElement\":[{\"@type\":\"ListItem\",\"position\":1,\"name\":\"Home\",\"item\":\"https:\\\/\\\/veryselfbrand.com\\\/\"},{\"@type\":\"ListItem\",\"position\":2,\"name\":\"Shop\",\"item\":\"https:\\\/\\\/veryselfbrand.com\\\/shop\\\/\"},{\"@type\":\"ListItem\",\"position\":3,\"name\":\"Phoenix Front Slit Drapped Midi Skirt Black\"}]},{\"@type\":\"WebSite\",\"@id\":\"https:\\\/\\\/veryselfbrand.com\\\/#website\",\"url\":\"https:\\\/\\\/veryselfbrand.com\\\/\",\"name\":\"Veryself\",\"description\":\"Upon femmine silhoutte\",\"publisher\":{\"@id\":\"https:\\\/\\\/veryselfbrand.com\\\/#organization\"},\"potentialAction\":[{\"@type\":\"SearchAction\",\"target\":{\"@type\":\"EntryPoint\",\"urlTemplate\":\"https:\\\/\\\/veryselfbrand.com\\\/?s={search_term_string}\"},\"query-input\":{\"@type\":\"PropertyValueSpecification\",\"valueRequired\":true,\"valueName\":\"search_term_string\"}}],\"inLanguage\":\"tr\"},{\"@type\":\"Organization\",\"@id\":\"https:\\\/\\\/veryselfbrand.com\\\/#organization\",\"name\":\"Veryself\",\"url\":\"https:\\\/\\\/veryselfbrand.com\\\/\",\"logo\":{\"@type\":\"ImageObject\",\"inLanguage\":\"tr\",\"@id\":\"https:\\\/\\\/veryselfbrand.com\\\/#\\\/schema\\\/logo\\\/image\\\/\",\"url\":\"http:\\\/\\\/veryselfbrand.com\\\/wp-content\\\/uploads\\\/2021\\\/02\\\/veryself_bl_xs.png\",\"contentUrl\":\"http:\\\/\\\/veryselfbrand.com\\\/wp-content\\\/uploads\\\/2021\\\/02\\\/veryself_bl_xs.png\",\"width\":200,\"height\":56,\"caption\":\"Veryself\"},\"image\":{\"@id\":\"https:\\\/\\\/veryselfbrand.com\\\/#\\\/schema\\\/logo\\\/image\\\/\"},\"sameAs\":[\"https:\\\/\\\/www.instagram.com\\\/veryself.brand\\\/\"]}]}<\/script>\n<!-- \/ Yoast SEO plugin. -->","yoast_head_json":{"title":"Phoenix Front Slit Drapped Midi Skirt Black - Veryself","robots":{"index":"index","follow":"follow","max-snippet":"max-snippet:-1","max-image-preview":"max-image-preview:large","max-video-preview":"max-video-preview:-1"},"canonical":"https:\/\/veryselfbrand.com\/tr\/urun\/phoenix-front-slit-drapped-midi-skirt-black\/","og_locale":"tr_TR","og_type":"article","og_title":"Phoenix Front Slit Drapped Midi Skirt Black - Veryself","og_description":"Phoenix midi skirt offers an assertive look with its jersey fabric and front slit, which is bringing the power of the legendary bird together with women!","og_url":"https:\/\/veryselfbrand.com\/tr\/urun\/phoenix-front-slit-drapped-midi-skirt-black\/","og_site_name":"Veryself","article_modified_time":"2025-05-15T10:28:07+00:00","og_image":[{"width":909,"height":1364,"url":"https:\/\/veryselfbrand.com\/wp-content\/uploads\/2022\/05\/IEP_0334-lt.jpg","type":"image\/jpeg"}],"twitter_card":"summary_large_image","twitter_misc":{"Tahmini okuma s\u00fcresi":"1 dakika"},"schema":{"@context":"https:\/\/schema.org","@graph":[{"@type":"WebPage","@id":"https:\/\/veryselfbrand.com\/product\/phoenix-front-slit-drapped-midi-skirt-black\/","url":"https:\/\/veryselfbrand.com\/product\/phoenix-front-slit-drapped-midi-skirt-black\/","name":"Phoenix Front Slit Drapped Midi Skirt Black - Veryself","isPartOf":{"@id":"https:\/\/veryselfbrand.com\/#website"},"primaryImageOfPage":{"@id":"https:\/\/veryselfbrand.com\/product\/phoenix-front-slit-drapped-midi-skirt-black\/#primaryimage"},"image":{"@id":"https:\/\/veryselfbrand.com\/product\/phoenix-front-slit-drapped-midi-skirt-black\/#primaryimage"},"thumbnailUrl":"https:\/\/veryselfbrand.com\/wp-content\/uploads\/2022\/05\/IEP_0334-lt.jpg","datePublished":"2022-05-13T13:11:52+00:00","dateModified":"2025-05-15T10:28:07+00:00","breadcrumb":{"@id":"https:\/\/veryselfbrand.com\/product\/phoenix-front-slit-drapped-midi-skirt-black\/#breadcrumb"},"inLanguage":"tr","potentialAction":[{"@type":"ReadAction","target":["https:\/\/veryselfbrand.com\/product\/phoenix-front-slit-drapped-midi-skirt-black\/"]}]},{"@type":"ImageObject","inLanguage":"tr","@id":"https:\/\/veryselfbrand.com\/product\/phoenix-front-slit-drapped-midi-skirt-black\/#primaryimage","url":"https:\/\/veryselfbrand.com\/wp-content\/uploads\/2022\/05\/IEP_0334-lt.jpg","contentUrl":"https:\/\/veryselfbrand.com\/wp-content\/uploads\/2022\/05\/IEP_0334-lt.jpg","width":909,"height":1364},{"@type":"BreadcrumbList","@id":"https:\/\/veryselfbrand.com\/product\/phoenix-front-slit-drapped-midi-skirt-black\/#breadcrumb","itemListElement":[{"@type":"ListItem","position":1,"name":"Home","item":"https:\/\/veryselfbrand.com\/"},{"@type":"ListItem","position":2,"name":"Shop","item":"https:\/\/veryselfbrand.com\/shop\/"},{"@type":"ListItem","position":3,"name":"Phoenix Front Slit Drapped Midi Skirt Black"}]},{"@type":"WebSite","@id":"https:\/\/veryselfbrand.com\/#website","url":"https:\/\/veryselfbrand.com\/","name":"Veryself","description":"Upon femmine silhoutte","publisher":{"@id":"https:\/\/veryselfbrand.com\/#organization"},"potentialAction":[{"@type":"SearchAction","target":{"@type":"EntryPoint","urlTemplate":"https:\/\/veryselfbrand.com\/?s={search_term_string}"},"query-input":{"@type":"PropertyValueSpecification","valueRequired":true,"valueName":"search_term_string"}}],"inLanguage":"tr"},{"@type":"Organization","@id":"https:\/\/veryselfbrand.com\/#organization","name":"Veryself","url":"https:\/\/veryselfbrand.com\/","logo":{"@type":"ImageObject","inLanguage":"tr","@id":"https:\/\/veryselfbrand.com\/#\/schema\/logo\/image\/","url":"http:\/\/veryselfbrand.com\/wp-content\/uploads\/2021\/02\/veryself_bl_xs.png","contentUrl":"http:\/\/veryselfbrand.com\/wp-content\/uploads\/2021\/02\/veryself_bl_xs.png","width":200,"height":56,"caption":"Veryself"},"image":{"@id":"https:\/\/veryselfbrand.com\/#\/schema\/logo\/image\/"},"sameAs":["https:\/\/www.instagram.com\/veryself.brand\/"]}]}},"_links":{"self":[{"href":"https:\/\/veryselfbrand.com\/tr\/wp-json\/wp\/v2\/product\/3608","targetHints":{"allow":["GET"]}}],"collection":[{"href":"https:\/\/veryselfbrand.com\/tr\/wp-json\/wp\/v2\/product"}],"about":[{"href":"https:\/\/veryselfbrand.com\/tr\/wp-json\/wp\/v2\/types\/product"}],"wp:featuredmedia":[{"embeddable":true,"href":"https:\/\/veryselfbrand.com\/tr\/wp-json\/wp\/v2\/media\/3578"}],"wp:attachment":[{"href":"https:\/\/veryselfbrand.com\/tr\/wp-json\/wp\/v2\/media?parent=3608"}],"wp:term":[{"taxonomy":"product_brand","embeddable":true,"href":"https:\/\/veryselfbrand.com\/tr\/wp-json\/wp\/v2\/product_brand?post=3608"},{"taxonomy":"product_cat","embeddable":true,"href":"https:\/\/veryselfbrand.com\/tr\/wp-json\/wp\/v2\/product_cat?post=3608"},{"taxonomy":"product_tag","embeddable":true,"href":"https:\/\/veryselfbrand.com\/tr\/wp-json\/wp\/v2\/product_tag?post=3608"}],"curies":[{"name":"wp","href":"https:\/\/api.w.org\/{rel}","templated":true}]}}