{"id":3621,"date":"2022-05-13T13:18:08","date_gmt":"2022-05-13T13:18:08","guid":{"rendered":"http:\/\/veryselfbrand.com\/?post_type=product&#038;p=3621"},"modified":"2025-05-15T10:24:55","modified_gmt":"2025-05-15T10:24:55","slug":"magenta-cut-off-dress","status":"publish","type":"product","link":"https:\/\/veryselfbrand.com\/tr\/urun\/magenta-cut-off-dress\/","title":{"rendered":"Magenta Cut Off Dress"},"content":{"rendered":"<p class=\"p1\"><strong>\u00dcr\u00fcn \u00d6zellikleri:<\/strong><\/p>\n<p class=\"p1\">\u25cf Jersey fabric<\/p>\n<p class=\"p1\">\u25cf Low back<\/p>\n<p class=\"p1\">\u25cf Tie back detail<\/p>\n<p class=\"p1\">\u25cf Cross neck detail<\/p>\n<p class=\"p1\">\u25cf Midi length<\/p>","protected":false},"excerpt":{"rendered":"<p class=\"p1\">Refresh your self-confidence with Magenta! With this special design of Veryself, you can be both comfortable and stylish, and you can add elegance to your elegance with the diagonal\u00a0detail on the neck and the tie on the back.<\/p>","protected":false},"featured_media":3625,"template":"","meta":[],"product_brand":[],"product_cat":[125,87,74,252],"product_tag":[116,115,40,107,117],"class_list":{"0":"post-3621","1":"product","2":"type-product","3":"status-publish","4":"has-post-thumbnail","6":"product_cat-all","7":"product_cat-categories","8":"product_cat-dresses","9":"product_cat-sale","10":"product_tag-cross-neck","11":"product_tag-cutoff","12":"product_tag-dress","13":"product_tag-jersey","14":"product_tag-tieback","16":"first","17":"instock","18":"sale","19":"shipping-taxable","20":"purchasable","21":"product-type-variable"},"yoast_head":"<!-- This site is optimized with the Yoast SEO plugin v27.4 - https:\/\/yoast.com\/product\/yoast-seo-wordpress\/ -->\n<title>Magenta Cut Off Dress - Veryself<\/title>\n<meta name=\"robots\" content=\"index, follow, max-snippet:-1, max-image-preview:large, max-video-preview:-1\" \/>\n<link rel=\"canonical\" href=\"https:\/\/veryselfbrand.com\/tr\/urun\/magenta-cut-off-dress\/\" \/>\n<meta property=\"og:locale\" content=\"tr_TR\" \/>\n<meta property=\"og:type\" content=\"article\" \/>\n<meta property=\"og:title\" content=\"Magenta Cut Off Dress - Veryself\" \/>\n<meta property=\"og:description\" content=\"Refresh your self-confidence with Magenta! With this special design of Veryself, you can be both comfortable and stylish, and you can add elegance to your elegance with the diagonal\u00a0detail on the neck and the tie on the back.\" \/>\n<meta property=\"og:url\" content=\"https:\/\/veryselfbrand.com\/tr\/urun\/magenta-cut-off-dress\/\" \/>\n<meta property=\"og:site_name\" content=\"Veryself\" \/>\n<meta property=\"article:modified_time\" content=\"2025-05-15T10:24:55+00:00\" \/>\n<meta property=\"og:image\" content=\"https:\/\/veryselfbrand.com\/wp-content\/uploads\/2022\/05\/IEP_0831.jpg\" \/>\n\t<meta property=\"og:image:width\" content=\"909\" \/>\n\t<meta property=\"og:image:height\" content=\"1364\" \/>\n\t<meta property=\"og:image:type\" content=\"image\/jpeg\" \/>\n<meta name=\"twitter:card\" content=\"summary_large_image\" \/>\n<meta name=\"twitter:label1\" content=\"Tahmini okuma s\u00fcresi\" \/>\n\t<meta name=\"twitter:data1\" content=\"1 dakika\" \/>\n<script type=\"application\/ld+json\" class=\"yoast-schema-graph\">{\"@context\":\"https:\\\/\\\/schema.org\",\"@graph\":[{\"@type\":\"WebPage\",\"@id\":\"https:\\\/\\\/veryselfbrand.com\\\/product\\\/magenta-cut-off-dress\\\/\",\"url\":\"https:\\\/\\\/veryselfbrand.com\\\/product\\\/magenta-cut-off-dress\\\/\",\"name\":\"Magenta Cut Off Dress - Veryself\",\"isPartOf\":{\"@id\":\"https:\\\/\\\/veryselfbrand.com\\\/#website\"},\"primaryImageOfPage\":{\"@id\":\"https:\\\/\\\/veryselfbrand.com\\\/product\\\/magenta-cut-off-dress\\\/#primaryimage\"},\"image\":{\"@id\":\"https:\\\/\\\/veryselfbrand.com\\\/product\\\/magenta-cut-off-dress\\\/#primaryimage\"},\"thumbnailUrl\":\"https:\\\/\\\/veryselfbrand.com\\\/wp-content\\\/uploads\\\/2022\\\/05\\\/IEP_0831.jpg\",\"datePublished\":\"2022-05-13T13:18:08+00:00\",\"dateModified\":\"2025-05-15T10:24:55+00:00\",\"breadcrumb\":{\"@id\":\"https:\\\/\\\/veryselfbrand.com\\\/product\\\/magenta-cut-off-dress\\\/#breadcrumb\"},\"inLanguage\":\"tr\",\"potentialAction\":[{\"@type\":\"ReadAction\",\"target\":[\"https:\\\/\\\/veryselfbrand.com\\\/product\\\/magenta-cut-off-dress\\\/\"]}]},{\"@type\":\"ImageObject\",\"inLanguage\":\"tr\",\"@id\":\"https:\\\/\\\/veryselfbrand.com\\\/product\\\/magenta-cut-off-dress\\\/#primaryimage\",\"url\":\"https:\\\/\\\/veryselfbrand.com\\\/wp-content\\\/uploads\\\/2022\\\/05\\\/IEP_0831.jpg\",\"contentUrl\":\"https:\\\/\\\/veryselfbrand.com\\\/wp-content\\\/uploads\\\/2022\\\/05\\\/IEP_0831.jpg\",\"width\":909,\"height\":1364},{\"@type\":\"BreadcrumbList\",\"@id\":\"https:\\\/\\\/veryselfbrand.com\\\/product\\\/magenta-cut-off-dress\\\/#breadcrumb\",\"itemListElement\":[{\"@type\":\"ListItem\",\"position\":1,\"name\":\"Home\",\"item\":\"https:\\\/\\\/veryselfbrand.com\\\/\"},{\"@type\":\"ListItem\",\"position\":2,\"name\":\"Shop\",\"item\":\"https:\\\/\\\/veryselfbrand.com\\\/shop\\\/\"},{\"@type\":\"ListItem\",\"position\":3,\"name\":\"Magenta Cut Off Dress\"}]},{\"@type\":\"WebSite\",\"@id\":\"https:\\\/\\\/veryselfbrand.com\\\/#website\",\"url\":\"https:\\\/\\\/veryselfbrand.com\\\/\",\"name\":\"Veryself\",\"description\":\"Upon femmine silhoutte\",\"publisher\":{\"@id\":\"https:\\\/\\\/veryselfbrand.com\\\/#organization\"},\"potentialAction\":[{\"@type\":\"SearchAction\",\"target\":{\"@type\":\"EntryPoint\",\"urlTemplate\":\"https:\\\/\\\/veryselfbrand.com\\\/?s={search_term_string}\"},\"query-input\":{\"@type\":\"PropertyValueSpecification\",\"valueRequired\":true,\"valueName\":\"search_term_string\"}}],\"inLanguage\":\"tr\"},{\"@type\":\"Organization\",\"@id\":\"https:\\\/\\\/veryselfbrand.com\\\/#organization\",\"name\":\"Veryself\",\"url\":\"https:\\\/\\\/veryselfbrand.com\\\/\",\"logo\":{\"@type\":\"ImageObject\",\"inLanguage\":\"tr\",\"@id\":\"https:\\\/\\\/veryselfbrand.com\\\/#\\\/schema\\\/logo\\\/image\\\/\",\"url\":\"http:\\\/\\\/veryselfbrand.com\\\/wp-content\\\/uploads\\\/2021\\\/02\\\/veryself_bl_xs.png\",\"contentUrl\":\"http:\\\/\\\/veryselfbrand.com\\\/wp-content\\\/uploads\\\/2021\\\/02\\\/veryself_bl_xs.png\",\"width\":200,\"height\":56,\"caption\":\"Veryself\"},\"image\":{\"@id\":\"https:\\\/\\\/veryselfbrand.com\\\/#\\\/schema\\\/logo\\\/image\\\/\"},\"sameAs\":[\"https:\\\/\\\/www.instagram.com\\\/veryself.brand\\\/\"]}]}<\/script>\n<!-- \/ Yoast SEO plugin. -->","yoast_head_json":{"title":"Magenta Cut Off Dress - Veryself","robots":{"index":"index","follow":"follow","max-snippet":"max-snippet:-1","max-image-preview":"max-image-preview:large","max-video-preview":"max-video-preview:-1"},"canonical":"https:\/\/veryselfbrand.com\/tr\/urun\/magenta-cut-off-dress\/","og_locale":"tr_TR","og_type":"article","og_title":"Magenta Cut Off Dress - Veryself","og_description":"Refresh your self-confidence with Magenta! With this special design of Veryself, you can be both comfortable and stylish, and you can add elegance to your elegance with the diagonal\u00a0detail on the neck and the tie on the back.","og_url":"https:\/\/veryselfbrand.com\/tr\/urun\/magenta-cut-off-dress\/","og_site_name":"Veryself","article_modified_time":"2025-05-15T10:24:55+00:00","og_image":[{"width":909,"height":1364,"url":"https:\/\/veryselfbrand.com\/wp-content\/uploads\/2022\/05\/IEP_0831.jpg","type":"image\/jpeg"}],"twitter_card":"summary_large_image","twitter_misc":{"Tahmini okuma s\u00fcresi":"1 dakika"},"schema":{"@context":"https:\/\/schema.org","@graph":[{"@type":"WebPage","@id":"https:\/\/veryselfbrand.com\/product\/magenta-cut-off-dress\/","url":"https:\/\/veryselfbrand.com\/product\/magenta-cut-off-dress\/","name":"Magenta Cut Off Dress - Veryself","isPartOf":{"@id":"https:\/\/veryselfbrand.com\/#website"},"primaryImageOfPage":{"@id":"https:\/\/veryselfbrand.com\/product\/magenta-cut-off-dress\/#primaryimage"},"image":{"@id":"https:\/\/veryselfbrand.com\/product\/magenta-cut-off-dress\/#primaryimage"},"thumbnailUrl":"https:\/\/veryselfbrand.com\/wp-content\/uploads\/2022\/05\/IEP_0831.jpg","datePublished":"2022-05-13T13:18:08+00:00","dateModified":"2025-05-15T10:24:55+00:00","breadcrumb":{"@id":"https:\/\/veryselfbrand.com\/product\/magenta-cut-off-dress\/#breadcrumb"},"inLanguage":"tr","potentialAction":[{"@type":"ReadAction","target":["https:\/\/veryselfbrand.com\/product\/magenta-cut-off-dress\/"]}]},{"@type":"ImageObject","inLanguage":"tr","@id":"https:\/\/veryselfbrand.com\/product\/magenta-cut-off-dress\/#primaryimage","url":"https:\/\/veryselfbrand.com\/wp-content\/uploads\/2022\/05\/IEP_0831.jpg","contentUrl":"https:\/\/veryselfbrand.com\/wp-content\/uploads\/2022\/05\/IEP_0831.jpg","width":909,"height":1364},{"@type":"BreadcrumbList","@id":"https:\/\/veryselfbrand.com\/product\/magenta-cut-off-dress\/#breadcrumb","itemListElement":[{"@type":"ListItem","position":1,"name":"Home","item":"https:\/\/veryselfbrand.com\/"},{"@type":"ListItem","position":2,"name":"Shop","item":"https:\/\/veryselfbrand.com\/shop\/"},{"@type":"ListItem","position":3,"name":"Magenta Cut Off Dress"}]},{"@type":"WebSite","@id":"https:\/\/veryselfbrand.com\/#website","url":"https:\/\/veryselfbrand.com\/","name":"Veryself","description":"Upon femmine silhoutte","publisher":{"@id":"https:\/\/veryselfbrand.com\/#organization"},"potentialAction":[{"@type":"SearchAction","target":{"@type":"EntryPoint","urlTemplate":"https:\/\/veryselfbrand.com\/?s={search_term_string}"},"query-input":{"@type":"PropertyValueSpecification","valueRequired":true,"valueName":"search_term_string"}}],"inLanguage":"tr"},{"@type":"Organization","@id":"https:\/\/veryselfbrand.com\/#organization","name":"Veryself","url":"https:\/\/veryselfbrand.com\/","logo":{"@type":"ImageObject","inLanguage":"tr","@id":"https:\/\/veryselfbrand.com\/#\/schema\/logo\/image\/","url":"http:\/\/veryselfbrand.com\/wp-content\/uploads\/2021\/02\/veryself_bl_xs.png","contentUrl":"http:\/\/veryselfbrand.com\/wp-content\/uploads\/2021\/02\/veryself_bl_xs.png","width":200,"height":56,"caption":"Veryself"},"image":{"@id":"https:\/\/veryselfbrand.com\/#\/schema\/logo\/image\/"},"sameAs":["https:\/\/www.instagram.com\/veryself.brand\/"]}]}},"_links":{"self":[{"href":"https:\/\/veryselfbrand.com\/tr\/wp-json\/wp\/v2\/product\/3621","targetHints":{"allow":["GET"]}}],"collection":[{"href":"https:\/\/veryselfbrand.com\/tr\/wp-json\/wp\/v2\/product"}],"about":[{"href":"https:\/\/veryselfbrand.com\/tr\/wp-json\/wp\/v2\/types\/product"}],"wp:featuredmedia":[{"embeddable":true,"href":"https:\/\/veryselfbrand.com\/tr\/wp-json\/wp\/v2\/media\/3625"}],"wp:attachment":[{"href":"https:\/\/veryselfbrand.com\/tr\/wp-json\/wp\/v2\/media?parent=3621"}],"wp:term":[{"taxonomy":"product_brand","embeddable":true,"href":"https:\/\/veryselfbrand.com\/tr\/wp-json\/wp\/v2\/product_brand?post=3621"},{"taxonomy":"product_cat","embeddable":true,"href":"https:\/\/veryselfbrand.com\/tr\/wp-json\/wp\/v2\/product_cat?post=3621"},{"taxonomy":"product_tag","embeddable":true,"href":"https:\/\/veryselfbrand.com\/tr\/wp-json\/wp\/v2\/product_tag?post=3621"}],"curies":[{"name":"wp","href":"https:\/\/api.w.org\/{rel}","templated":true}]}}