{"id":4632,"date":"2022-12-21T07:12:05","date_gmt":"2022-12-21T07:12:05","guid":{"rendered":"http:\/\/veryselfbrand.com\/?post_type=product&#038;p=4632"},"modified":"2025-04-14T12:18:11","modified_gmt":"2025-04-14T12:18:11","slug":"perception-feathered-corset","status":"publish","type":"product","link":"https:\/\/veryselfbrand.com\/tr\/urun\/perception-feathered-corset\/","title":{"rendered":"Perception Feathered Corset"},"content":{"rendered":"<p class=\"p1\"><strong>\u00dcr\u00fcn \u00d6zellikleri:<\/strong><\/p>\n<p class=\"p1\">\u25cf%100 Polyester<\/p>\n<p>&nbsp;<\/p>","protected":false},"excerpt":{"rendered":"<p class=\"p1\">While wearing the Perception Feathered Corset you will realise the attention you draw in every environment you enter. This %100 polyester corset is a candidate to be one of the most special pieces in your wardrobe this winter!<\/p>","protected":false},"featured_media":4898,"template":"","meta":[],"product_brand":[],"product_cat":[125,87,15,132,252,68],"product_tag":[99,119,122,94,118],"class_list":{"0":"post-4632","1":"product","2":"type-product","3":"status-publish","4":"has-post-thumbnail","6":"product_cat-all","7":"product_cat-categories","8":"product_cat-collections","9":"product_cat-fall-winter-23-24","10":"product_cat-sale","11":"product_cat-crop-tops","12":"product_tag-mini","13":"product_tag-satin","14":"product_tag-silk","15":"product_tag-skirt","16":"product_tag-vegan","18":"first","19":"instock","20":"sale","21":"shipping-taxable","22":"purchasable","23":"product-type-variable"},"yoast_head":"<!-- This site is optimized with the Yoast SEO plugin v27.4 - https:\/\/yoast.com\/product\/yoast-seo-wordpress\/ -->\n<title>Perception Feathered Corset - Veryself<\/title>\n<meta name=\"robots\" content=\"index, follow, max-snippet:-1, max-image-preview:large, max-video-preview:-1\" \/>\n<link rel=\"canonical\" href=\"https:\/\/veryselfbrand.com\/tr\/urun\/perception-feathered-corset\/\" \/>\n<meta property=\"og:locale\" content=\"tr_TR\" \/>\n<meta property=\"og:type\" content=\"article\" \/>\n<meta property=\"og:title\" content=\"Perception Feathered Corset - Veryself\" \/>\n<meta property=\"og:description\" content=\"While wearing the Perception Feathered Corset you will realise the attention you draw in every environment you enter. This %100 polyester corset is a candidate to be one of the most special pieces in your wardrobe this winter!\" \/>\n<meta property=\"og:url\" content=\"https:\/\/veryselfbrand.com\/tr\/urun\/perception-feathered-corset\/\" \/>\n<meta property=\"og:site_name\" content=\"Veryself\" \/>\n<meta property=\"article:modified_time\" content=\"2025-04-14T12:18:11+00:00\" \/>\n<meta property=\"og:image\" content=\"https:\/\/veryselfbrand.com\/wp-content\/uploads\/2022\/12\/19421_1-1.webp\" \/>\n\t<meta property=\"og:image:width\" content=\"909\" \/>\n\t<meta property=\"og:image:height\" content=\"1364\" \/>\n\t<meta property=\"og:image:type\" content=\"image\/webp\" \/>\n<meta name=\"twitter:card\" content=\"summary_large_image\" \/>\n<meta name=\"twitter:label1\" content=\"Tahmini okuma s\u00fcresi\" \/>\n\t<meta name=\"twitter:data1\" content=\"1 dakika\" \/>\n<script type=\"application\/ld+json\" class=\"yoast-schema-graph\">{\"@context\":\"https:\\\/\\\/schema.org\",\"@graph\":[{\"@type\":\"WebPage\",\"@id\":\"https:\\\/\\\/veryselfbrand.com\\\/product\\\/perception-feathered-corset\\\/\",\"url\":\"https:\\\/\\\/veryselfbrand.com\\\/product\\\/perception-feathered-corset\\\/\",\"name\":\"Perception Feathered Corset - Veryself\",\"isPartOf\":{\"@id\":\"https:\\\/\\\/veryselfbrand.com\\\/#website\"},\"primaryImageOfPage\":{\"@id\":\"https:\\\/\\\/veryselfbrand.com\\\/product\\\/perception-feathered-corset\\\/#primaryimage\"},\"image\":{\"@id\":\"https:\\\/\\\/veryselfbrand.com\\\/product\\\/perception-feathered-corset\\\/#primaryimage\"},\"thumbnailUrl\":\"https:\\\/\\\/veryselfbrand.com\\\/wp-content\\\/uploads\\\/2022\\\/12\\\/19421_1-1.webp\",\"datePublished\":\"2022-12-21T07:12:05+00:00\",\"dateModified\":\"2025-04-14T12:18:11+00:00\",\"breadcrumb\":{\"@id\":\"https:\\\/\\\/veryselfbrand.com\\\/product\\\/perception-feathered-corset\\\/#breadcrumb\"},\"inLanguage\":\"tr\",\"potentialAction\":[{\"@type\":\"ReadAction\",\"target\":[\"https:\\\/\\\/veryselfbrand.com\\\/product\\\/perception-feathered-corset\\\/\"]}]},{\"@type\":\"ImageObject\",\"inLanguage\":\"tr\",\"@id\":\"https:\\\/\\\/veryselfbrand.com\\\/product\\\/perception-feathered-corset\\\/#primaryimage\",\"url\":\"https:\\\/\\\/veryselfbrand.com\\\/wp-content\\\/uploads\\\/2022\\\/12\\\/19421_1-1.webp\",\"contentUrl\":\"https:\\\/\\\/veryselfbrand.com\\\/wp-content\\\/uploads\\\/2022\\\/12\\\/19421_1-1.webp\",\"width\":909,\"height\":1364},{\"@type\":\"BreadcrumbList\",\"@id\":\"https:\\\/\\\/veryselfbrand.com\\\/product\\\/perception-feathered-corset\\\/#breadcrumb\",\"itemListElement\":[{\"@type\":\"ListItem\",\"position\":1,\"name\":\"Home\",\"item\":\"https:\\\/\\\/veryselfbrand.com\\\/\"},{\"@type\":\"ListItem\",\"position\":2,\"name\":\"Shop\",\"item\":\"https:\\\/\\\/veryselfbrand.com\\\/shop\\\/\"},{\"@type\":\"ListItem\",\"position\":3,\"name\":\"Perception Feathered Corset\"}]},{\"@type\":\"WebSite\",\"@id\":\"https:\\\/\\\/veryselfbrand.com\\\/#website\",\"url\":\"https:\\\/\\\/veryselfbrand.com\\\/\",\"name\":\"Veryself\",\"description\":\"Upon femmine silhoutte\",\"publisher\":{\"@id\":\"https:\\\/\\\/veryselfbrand.com\\\/#organization\"},\"potentialAction\":[{\"@type\":\"SearchAction\",\"target\":{\"@type\":\"EntryPoint\",\"urlTemplate\":\"https:\\\/\\\/veryselfbrand.com\\\/?s={search_term_string}\"},\"query-input\":{\"@type\":\"PropertyValueSpecification\",\"valueRequired\":true,\"valueName\":\"search_term_string\"}}],\"inLanguage\":\"tr\"},{\"@type\":\"Organization\",\"@id\":\"https:\\\/\\\/veryselfbrand.com\\\/#organization\",\"name\":\"Veryself\",\"url\":\"https:\\\/\\\/veryselfbrand.com\\\/\",\"logo\":{\"@type\":\"ImageObject\",\"inLanguage\":\"tr\",\"@id\":\"https:\\\/\\\/veryselfbrand.com\\\/#\\\/schema\\\/logo\\\/image\\\/\",\"url\":\"http:\\\/\\\/veryselfbrand.com\\\/wp-content\\\/uploads\\\/2021\\\/02\\\/veryself_bl_xs.png\",\"contentUrl\":\"http:\\\/\\\/veryselfbrand.com\\\/wp-content\\\/uploads\\\/2021\\\/02\\\/veryself_bl_xs.png\",\"width\":200,\"height\":56,\"caption\":\"Veryself\"},\"image\":{\"@id\":\"https:\\\/\\\/veryselfbrand.com\\\/#\\\/schema\\\/logo\\\/image\\\/\"},\"sameAs\":[\"https:\\\/\\\/www.instagram.com\\\/veryself.brand\\\/\"]}]}<\/script>\n<!-- \/ Yoast SEO plugin. -->","yoast_head_json":{"title":"Perception Feathered Corset - Veryself","robots":{"index":"index","follow":"follow","max-snippet":"max-snippet:-1","max-image-preview":"max-image-preview:large","max-video-preview":"max-video-preview:-1"},"canonical":"https:\/\/veryselfbrand.com\/tr\/urun\/perception-feathered-corset\/","og_locale":"tr_TR","og_type":"article","og_title":"Perception Feathered Corset - Veryself","og_description":"While wearing the Perception Feathered Corset you will realise the attention you draw in every environment you enter. This %100 polyester corset is a candidate to be one of the most special pieces in your wardrobe this winter!","og_url":"https:\/\/veryselfbrand.com\/tr\/urun\/perception-feathered-corset\/","og_site_name":"Veryself","article_modified_time":"2025-04-14T12:18:11+00:00","og_image":[{"width":909,"height":1364,"url":"https:\/\/veryselfbrand.com\/wp-content\/uploads\/2022\/12\/19421_1-1.webp","type":"image\/webp"}],"twitter_card":"summary_large_image","twitter_misc":{"Tahmini okuma s\u00fcresi":"1 dakika"},"schema":{"@context":"https:\/\/schema.org","@graph":[{"@type":"WebPage","@id":"https:\/\/veryselfbrand.com\/product\/perception-feathered-corset\/","url":"https:\/\/veryselfbrand.com\/product\/perception-feathered-corset\/","name":"Perception Feathered Corset - Veryself","isPartOf":{"@id":"https:\/\/veryselfbrand.com\/#website"},"primaryImageOfPage":{"@id":"https:\/\/veryselfbrand.com\/product\/perception-feathered-corset\/#primaryimage"},"image":{"@id":"https:\/\/veryselfbrand.com\/product\/perception-feathered-corset\/#primaryimage"},"thumbnailUrl":"https:\/\/veryselfbrand.com\/wp-content\/uploads\/2022\/12\/19421_1-1.webp","datePublished":"2022-12-21T07:12:05+00:00","dateModified":"2025-04-14T12:18:11+00:00","breadcrumb":{"@id":"https:\/\/veryselfbrand.com\/product\/perception-feathered-corset\/#breadcrumb"},"inLanguage":"tr","potentialAction":[{"@type":"ReadAction","target":["https:\/\/veryselfbrand.com\/product\/perception-feathered-corset\/"]}]},{"@type":"ImageObject","inLanguage":"tr","@id":"https:\/\/veryselfbrand.com\/product\/perception-feathered-corset\/#primaryimage","url":"https:\/\/veryselfbrand.com\/wp-content\/uploads\/2022\/12\/19421_1-1.webp","contentUrl":"https:\/\/veryselfbrand.com\/wp-content\/uploads\/2022\/12\/19421_1-1.webp","width":909,"height":1364},{"@type":"BreadcrumbList","@id":"https:\/\/veryselfbrand.com\/product\/perception-feathered-corset\/#breadcrumb","itemListElement":[{"@type":"ListItem","position":1,"name":"Home","item":"https:\/\/veryselfbrand.com\/"},{"@type":"ListItem","position":2,"name":"Shop","item":"https:\/\/veryselfbrand.com\/shop\/"},{"@type":"ListItem","position":3,"name":"Perception Feathered Corset"}]},{"@type":"WebSite","@id":"https:\/\/veryselfbrand.com\/#website","url":"https:\/\/veryselfbrand.com\/","name":"Veryself","description":"Upon femmine silhoutte","publisher":{"@id":"https:\/\/veryselfbrand.com\/#organization"},"potentialAction":[{"@type":"SearchAction","target":{"@type":"EntryPoint","urlTemplate":"https:\/\/veryselfbrand.com\/?s={search_term_string}"},"query-input":{"@type":"PropertyValueSpecification","valueRequired":true,"valueName":"search_term_string"}}],"inLanguage":"tr"},{"@type":"Organization","@id":"https:\/\/veryselfbrand.com\/#organization","name":"Veryself","url":"https:\/\/veryselfbrand.com\/","logo":{"@type":"ImageObject","inLanguage":"tr","@id":"https:\/\/veryselfbrand.com\/#\/schema\/logo\/image\/","url":"http:\/\/veryselfbrand.com\/wp-content\/uploads\/2021\/02\/veryself_bl_xs.png","contentUrl":"http:\/\/veryselfbrand.com\/wp-content\/uploads\/2021\/02\/veryself_bl_xs.png","width":200,"height":56,"caption":"Veryself"},"image":{"@id":"https:\/\/veryselfbrand.com\/#\/schema\/logo\/image\/"},"sameAs":["https:\/\/www.instagram.com\/veryself.brand\/"]}]}},"_links":{"self":[{"href":"https:\/\/veryselfbrand.com\/tr\/wp-json\/wp\/v2\/product\/4632","targetHints":{"allow":["GET"]}}],"collection":[{"href":"https:\/\/veryselfbrand.com\/tr\/wp-json\/wp\/v2\/product"}],"about":[{"href":"https:\/\/veryselfbrand.com\/tr\/wp-json\/wp\/v2\/types\/product"}],"wp:featuredmedia":[{"embeddable":true,"href":"https:\/\/veryselfbrand.com\/tr\/wp-json\/wp\/v2\/media\/4898"}],"wp:attachment":[{"href":"https:\/\/veryselfbrand.com\/tr\/wp-json\/wp\/v2\/media?parent=4632"}],"wp:term":[{"taxonomy":"product_brand","embeddable":true,"href":"https:\/\/veryselfbrand.com\/tr\/wp-json\/wp\/v2\/product_brand?post=4632"},{"taxonomy":"product_cat","embeddable":true,"href":"https:\/\/veryselfbrand.com\/tr\/wp-json\/wp\/v2\/product_cat?post=4632"},{"taxonomy":"product_tag","embeddable":true,"href":"https:\/\/veryselfbrand.com\/tr\/wp-json\/wp\/v2\/product_tag?post=4632"}],"curies":[{"name":"wp","href":"https:\/\/api.w.org\/{rel}","templated":true}]}}