{"id":4754,"date":"2022-12-22T08:24:31","date_gmt":"2022-12-22T08:24:31","guid":{"rendered":"http:\/\/veryselfbrand.com\/?post_type=product&#038;p=4754"},"modified":"2025-04-14T12:18:02","modified_gmt":"2025-04-14T12:18:02","slug":"western-fitted-dress","status":"publish","type":"product","link":"https:\/\/veryselfbrand.com\/tr\/urun\/western-fitted-dress\/","title":{"rendered":"Western Fitted Dress"},"content":{"rendered":"<p class=\"p1\"><strong>\u00dcr\u00fcn \u00d6zellikleri:<\/strong><\/p>\n<p class=\"p1\">\u25cf %100 Polyester<\/p>\n<p class=\"p1\"><a href=\"http:\/\/veryselfbrand.com\/wp-content\/uploads\/2021\/02\/WhatsApp-Image-2022-05-24-at-14.32.35-1.jpeg\"><img decoding=\"async\" class=\"alignnone wp-image-4506\" src=\"http:\/\/veryselfbrand.com\/wp-content\/uploads\/2022\/05\/3176108-300x124.png\" alt=\"\" width=\"94\" height=\"39\" srcset=\"https:\/\/veryselfbrand.com\/wp-content\/uploads\/2022\/05\/3176108-300x124.png 300w, https:\/\/veryselfbrand.com\/wp-content\/uploads\/2022\/05\/3176108-680x281.png 680w, https:\/\/veryselfbrand.com\/wp-content\/uploads\/2022\/05\/3176108-840x347.png 840w, https:\/\/veryselfbrand.com\/wp-content\/uploads\/2022\/05\/3176108-1024x423.png 1024w, https:\/\/veryselfbrand.com\/wp-content\/uploads\/2022\/05\/3176108-768x317.png 768w, https:\/\/veryselfbrand.com\/wp-content\/uploads\/2022\/05\/3176108-1000x413.png 1000w, https:\/\/veryselfbrand.com\/wp-content\/uploads\/2022\/05\/3176108.png 1240w\" sizes=\"(max-width: 94px) 100vw, 94px\" \/><\/a><\/p>","protected":false},"excerpt":{"rendered":"<p class=\"p1\"><span class=\"s1\"><span class=\"Apple-converted-space\">T<\/span><\/span>here are a lot of magical things in this world to discover, around you and within. Discover your inner wilderness with the Western Faux Leather Dress. The fitted corset style top half and double layered skirt will give you the structure and support you need while being impeccable.<\/p>","protected":false},"featured_media":4861,"template":"","meta":[],"product_brand":[],"product_cat":[125,87,15,74,132,252],"product_tag":[99,119,122,94,118],"class_list":{"0":"post-4754","1":"product","2":"type-product","3":"status-publish","4":"has-post-thumbnail","6":"product_cat-all","7":"product_cat-categories","8":"product_cat-collections","9":"product_cat-dresses","10":"product_cat-fall-winter-23-24","11":"product_cat-sale","12":"product_tag-mini","13":"product_tag-satin","14":"product_tag-silk","15":"product_tag-skirt","16":"product_tag-vegan","18":"first","19":"instock","20":"sale","21":"shipping-taxable","22":"purchasable","23":"product-type-variable"},"yoast_head":"<!-- This site is optimized with the Yoast SEO plugin v27.4 - https:\/\/yoast.com\/product\/yoast-seo-wordpress\/ -->\n<title>Western Fitted Dress - Veryself<\/title>\n<meta name=\"robots\" content=\"index, follow, max-snippet:-1, max-image-preview:large, max-video-preview:-1\" \/>\n<link rel=\"canonical\" href=\"https:\/\/veryselfbrand.com\/tr\/urun\/western-fitted-dress\/\" \/>\n<meta property=\"og:locale\" content=\"tr_TR\" \/>\n<meta property=\"og:type\" content=\"article\" \/>\n<meta property=\"og:title\" content=\"Western Fitted Dress - Veryself\" \/>\n<meta property=\"og:description\" content=\"There are a lot of magical things in this world to discover, around you and within. Discover your inner wilderness with the Western Faux Leather Dress. The fitted corset style top half and double layered skirt will give you the structure and support you need while being impeccable.\" \/>\n<meta property=\"og:url\" content=\"https:\/\/veryselfbrand.com\/tr\/urun\/western-fitted-dress\/\" \/>\n<meta property=\"og:site_name\" content=\"Veryself\" \/>\n<meta property=\"article:modified_time\" content=\"2025-04-14T12:18:02+00:00\" \/>\n<meta property=\"og:image\" content=\"https:\/\/veryselfbrand.com\/wp-content\/uploads\/2022\/12\/19529_1-1.webp\" \/>\n\t<meta property=\"og:image:width\" content=\"909\" \/>\n\t<meta property=\"og:image:height\" content=\"1364\" \/>\n\t<meta property=\"og:image:type\" content=\"image\/webp\" \/>\n<meta name=\"twitter:card\" content=\"summary_large_image\" \/>\n<meta name=\"twitter:label1\" content=\"Tahmini okuma s\u00fcresi\" \/>\n\t<meta name=\"twitter:data1\" content=\"1 dakika\" \/>\n<script type=\"application\/ld+json\" class=\"yoast-schema-graph\">{\"@context\":\"https:\\\/\\\/schema.org\",\"@graph\":[{\"@type\":\"WebPage\",\"@id\":\"https:\\\/\\\/veryselfbrand.com\\\/product\\\/western-fitted-dress\\\/\",\"url\":\"https:\\\/\\\/veryselfbrand.com\\\/product\\\/western-fitted-dress\\\/\",\"name\":\"Western Fitted Dress - Veryself\",\"isPartOf\":{\"@id\":\"https:\\\/\\\/veryselfbrand.com\\\/#website\"},\"primaryImageOfPage\":{\"@id\":\"https:\\\/\\\/veryselfbrand.com\\\/product\\\/western-fitted-dress\\\/#primaryimage\"},\"image\":{\"@id\":\"https:\\\/\\\/veryselfbrand.com\\\/product\\\/western-fitted-dress\\\/#primaryimage\"},\"thumbnailUrl\":\"https:\\\/\\\/veryselfbrand.com\\\/wp-content\\\/uploads\\\/2022\\\/12\\\/19529_1-1.webp\",\"datePublished\":\"2022-12-22T08:24:31+00:00\",\"dateModified\":\"2025-04-14T12:18:02+00:00\",\"breadcrumb\":{\"@id\":\"https:\\\/\\\/veryselfbrand.com\\\/product\\\/western-fitted-dress\\\/#breadcrumb\"},\"inLanguage\":\"tr\",\"potentialAction\":[{\"@type\":\"ReadAction\",\"target\":[\"https:\\\/\\\/veryselfbrand.com\\\/product\\\/western-fitted-dress\\\/\"]}]},{\"@type\":\"ImageObject\",\"inLanguage\":\"tr\",\"@id\":\"https:\\\/\\\/veryselfbrand.com\\\/product\\\/western-fitted-dress\\\/#primaryimage\",\"url\":\"https:\\\/\\\/veryselfbrand.com\\\/wp-content\\\/uploads\\\/2022\\\/12\\\/19529_1-1.webp\",\"contentUrl\":\"https:\\\/\\\/veryselfbrand.com\\\/wp-content\\\/uploads\\\/2022\\\/12\\\/19529_1-1.webp\",\"width\":909,\"height\":1364},{\"@type\":\"BreadcrumbList\",\"@id\":\"https:\\\/\\\/veryselfbrand.com\\\/product\\\/western-fitted-dress\\\/#breadcrumb\",\"itemListElement\":[{\"@type\":\"ListItem\",\"position\":1,\"name\":\"Home\",\"item\":\"https:\\\/\\\/veryselfbrand.com\\\/\"},{\"@type\":\"ListItem\",\"position\":2,\"name\":\"Shop\",\"item\":\"https:\\\/\\\/veryselfbrand.com\\\/shop\\\/\"},{\"@type\":\"ListItem\",\"position\":3,\"name\":\"Western Fitted Dress\"}]},{\"@type\":\"WebSite\",\"@id\":\"https:\\\/\\\/veryselfbrand.com\\\/#website\",\"url\":\"https:\\\/\\\/veryselfbrand.com\\\/\",\"name\":\"Veryself\",\"description\":\"Upon femmine silhoutte\",\"publisher\":{\"@id\":\"https:\\\/\\\/veryselfbrand.com\\\/#organization\"},\"potentialAction\":[{\"@type\":\"SearchAction\",\"target\":{\"@type\":\"EntryPoint\",\"urlTemplate\":\"https:\\\/\\\/veryselfbrand.com\\\/?s={search_term_string}\"},\"query-input\":{\"@type\":\"PropertyValueSpecification\",\"valueRequired\":true,\"valueName\":\"search_term_string\"}}],\"inLanguage\":\"tr\"},{\"@type\":\"Organization\",\"@id\":\"https:\\\/\\\/veryselfbrand.com\\\/#organization\",\"name\":\"Veryself\",\"url\":\"https:\\\/\\\/veryselfbrand.com\\\/\",\"logo\":{\"@type\":\"ImageObject\",\"inLanguage\":\"tr\",\"@id\":\"https:\\\/\\\/veryselfbrand.com\\\/#\\\/schema\\\/logo\\\/image\\\/\",\"url\":\"http:\\\/\\\/veryselfbrand.com\\\/wp-content\\\/uploads\\\/2021\\\/02\\\/veryself_bl_xs.png\",\"contentUrl\":\"http:\\\/\\\/veryselfbrand.com\\\/wp-content\\\/uploads\\\/2021\\\/02\\\/veryself_bl_xs.png\",\"width\":200,\"height\":56,\"caption\":\"Veryself\"},\"image\":{\"@id\":\"https:\\\/\\\/veryselfbrand.com\\\/#\\\/schema\\\/logo\\\/image\\\/\"},\"sameAs\":[\"https:\\\/\\\/www.instagram.com\\\/veryself.brand\\\/\"]}]}<\/script>\n<!-- \/ Yoast SEO plugin. -->","yoast_head_json":{"title":"Western Fitted Dress - Veryself","robots":{"index":"index","follow":"follow","max-snippet":"max-snippet:-1","max-image-preview":"max-image-preview:large","max-video-preview":"max-video-preview:-1"},"canonical":"https:\/\/veryselfbrand.com\/tr\/urun\/western-fitted-dress\/","og_locale":"tr_TR","og_type":"article","og_title":"Western Fitted Dress - Veryself","og_description":"There are a lot of magical things in this world to discover, around you and within. Discover your inner wilderness with the Western Faux Leather Dress. The fitted corset style top half and double layered skirt will give you the structure and support you need while being impeccable.","og_url":"https:\/\/veryselfbrand.com\/tr\/urun\/western-fitted-dress\/","og_site_name":"Veryself","article_modified_time":"2025-04-14T12:18:02+00:00","og_image":[{"width":909,"height":1364,"url":"https:\/\/veryselfbrand.com\/wp-content\/uploads\/2022\/12\/19529_1-1.webp","type":"image\/webp"}],"twitter_card":"summary_large_image","twitter_misc":{"Tahmini okuma s\u00fcresi":"1 dakika"},"schema":{"@context":"https:\/\/schema.org","@graph":[{"@type":"WebPage","@id":"https:\/\/veryselfbrand.com\/product\/western-fitted-dress\/","url":"https:\/\/veryselfbrand.com\/product\/western-fitted-dress\/","name":"Western Fitted Dress - Veryself","isPartOf":{"@id":"https:\/\/veryselfbrand.com\/#website"},"primaryImageOfPage":{"@id":"https:\/\/veryselfbrand.com\/product\/western-fitted-dress\/#primaryimage"},"image":{"@id":"https:\/\/veryselfbrand.com\/product\/western-fitted-dress\/#primaryimage"},"thumbnailUrl":"https:\/\/veryselfbrand.com\/wp-content\/uploads\/2022\/12\/19529_1-1.webp","datePublished":"2022-12-22T08:24:31+00:00","dateModified":"2025-04-14T12:18:02+00:00","breadcrumb":{"@id":"https:\/\/veryselfbrand.com\/product\/western-fitted-dress\/#breadcrumb"},"inLanguage":"tr","potentialAction":[{"@type":"ReadAction","target":["https:\/\/veryselfbrand.com\/product\/western-fitted-dress\/"]}]},{"@type":"ImageObject","inLanguage":"tr","@id":"https:\/\/veryselfbrand.com\/product\/western-fitted-dress\/#primaryimage","url":"https:\/\/veryselfbrand.com\/wp-content\/uploads\/2022\/12\/19529_1-1.webp","contentUrl":"https:\/\/veryselfbrand.com\/wp-content\/uploads\/2022\/12\/19529_1-1.webp","width":909,"height":1364},{"@type":"BreadcrumbList","@id":"https:\/\/veryselfbrand.com\/product\/western-fitted-dress\/#breadcrumb","itemListElement":[{"@type":"ListItem","position":1,"name":"Home","item":"https:\/\/veryselfbrand.com\/"},{"@type":"ListItem","position":2,"name":"Shop","item":"https:\/\/veryselfbrand.com\/shop\/"},{"@type":"ListItem","position":3,"name":"Western Fitted Dress"}]},{"@type":"WebSite","@id":"https:\/\/veryselfbrand.com\/#website","url":"https:\/\/veryselfbrand.com\/","name":"Veryself","description":"Upon femmine silhoutte","publisher":{"@id":"https:\/\/veryselfbrand.com\/#organization"},"potentialAction":[{"@type":"SearchAction","target":{"@type":"EntryPoint","urlTemplate":"https:\/\/veryselfbrand.com\/?s={search_term_string}"},"query-input":{"@type":"PropertyValueSpecification","valueRequired":true,"valueName":"search_term_string"}}],"inLanguage":"tr"},{"@type":"Organization","@id":"https:\/\/veryselfbrand.com\/#organization","name":"Veryself","url":"https:\/\/veryselfbrand.com\/","logo":{"@type":"ImageObject","inLanguage":"tr","@id":"https:\/\/veryselfbrand.com\/#\/schema\/logo\/image\/","url":"http:\/\/veryselfbrand.com\/wp-content\/uploads\/2021\/02\/veryself_bl_xs.png","contentUrl":"http:\/\/veryselfbrand.com\/wp-content\/uploads\/2021\/02\/veryself_bl_xs.png","width":200,"height":56,"caption":"Veryself"},"image":{"@id":"https:\/\/veryselfbrand.com\/#\/schema\/logo\/image\/"},"sameAs":["https:\/\/www.instagram.com\/veryself.brand\/"]}]}},"_links":{"self":[{"href":"https:\/\/veryselfbrand.com\/tr\/wp-json\/wp\/v2\/product\/4754","targetHints":{"allow":["GET"]}}],"collection":[{"href":"https:\/\/veryselfbrand.com\/tr\/wp-json\/wp\/v2\/product"}],"about":[{"href":"https:\/\/veryselfbrand.com\/tr\/wp-json\/wp\/v2\/types\/product"}],"wp:featuredmedia":[{"embeddable":true,"href":"https:\/\/veryselfbrand.com\/tr\/wp-json\/wp\/v2\/media\/4861"}],"wp:attachment":[{"href":"https:\/\/veryselfbrand.com\/tr\/wp-json\/wp\/v2\/media?parent=4754"}],"wp:term":[{"taxonomy":"product_brand","embeddable":true,"href":"https:\/\/veryselfbrand.com\/tr\/wp-json\/wp\/v2\/product_brand?post=4754"},{"taxonomy":"product_cat","embeddable":true,"href":"https:\/\/veryselfbrand.com\/tr\/wp-json\/wp\/v2\/product_cat?post=4754"},{"taxonomy":"product_tag","embeddable":true,"href":"https:\/\/veryselfbrand.com\/tr\/wp-json\/wp\/v2\/product_tag?post=4754"}],"curies":[{"name":"wp","href":"https:\/\/api.w.org\/{rel}","templated":true}]}}