{"id":6042,"date":"2024-05-13T12:44:39","date_gmt":"2024-05-13T12:44:39","guid":{"rendered":"http:\/\/veryselfbrand.com\/?post_type=product&#038;p=6042"},"modified":"2024-07-27T14:41:01","modified_gmt":"2024-07-27T14:41:01","slug":"nova-satin-dress-in-apricot","status":"publish","type":"product","link":"https:\/\/veryselfbrand.com\/tr\/urun\/nova-satin-dress-in-apricot\/","title":{"rendered":"Nova Satin Dress in Apricot"},"content":{"rendered":"<p class=\"p1\"><strong>\u00dcr\u00fcn \u00d6zellikleri:<\/strong><\/p>\n<p class=\"p1\">\u25cf Vegan silk satin<\/p>\n<p class=\"p1\">\u25cf Cowl neck<\/p>\n<p class=\"p1\">\u25cf Left drape detail and deep slit<\/p>\n<p class=\"p1\">\u25cf Oval back neckline<\/p>\n<p class=\"p1\">\u25cf Midi Size<\/p>\n<p>&nbsp;<\/p>","protected":false},"excerpt":{"rendered":"<p class=\"p1\">Nova Asymmetric Satin Dress can be used straight or asymmetrically as in the product image, thanks to the adjustable straps. You can bring environmental awareness to your\u00a0closet with this special dress with its vegan silk satin fabric. This model was designed to\u00a0refresh your self-confidence with a button-down collar, oval neckline and deep slit!<\/p>","protected":false},"featured_media":6046,"template":"","meta":[],"product_brand":[],"product_cat":[125,87,74],"product_tag":[120,121,119,105,118],"class_list":{"0":"post-6042","1":"product","2":"type-product","3":"status-publish","4":"has-post-thumbnail","6":"product_cat-all","7":"product_cat-categories","8":"product_cat-dresses","9":"product_tag-cowl-neck","10":"product_tag-drape","11":"product_tag-satin","12":"product_tag-slit","13":"product_tag-vegan","15":"first","16":"instock","17":"shipping-taxable","18":"purchasable","19":"product-type-variable"},"yoast_head":"<!-- This site is optimized with the Yoast SEO plugin v27.4 - https:\/\/yoast.com\/product\/yoast-seo-wordpress\/ -->\n<title>Nova Satin Dress in Apricot - Veryself<\/title>\n<meta name=\"robots\" content=\"index, follow, max-snippet:-1, max-image-preview:large, max-video-preview:-1\" \/>\n<link rel=\"canonical\" href=\"https:\/\/veryselfbrand.com\/tr\/urun\/nova-satin-dress-in-apricot\/\" \/>\n<meta property=\"og:locale\" content=\"tr_TR\" \/>\n<meta property=\"og:type\" content=\"article\" \/>\n<meta property=\"og:title\" content=\"Nova Satin Dress in Apricot - Veryself\" \/>\n<meta property=\"og:description\" content=\"Nova Asymmetric Satin Dress can be used straight or asymmetrically as in the product image, thanks to the adjustable straps. You can bring environmental awareness to your\u00a0closet with this special dress with its vegan silk satin fabric. This model was designed to\u00a0refresh your self-confidence with a button-down collar, oval neckline and deep slit!\" \/>\n<meta property=\"og:url\" content=\"https:\/\/veryselfbrand.com\/tr\/urun\/nova-satin-dress-in-apricot\/\" \/>\n<meta property=\"og:site_name\" content=\"Veryself\" \/>\n<meta property=\"article:modified_time\" content=\"2024-07-27T14:41:01+00:00\" \/>\n<meta property=\"og:image\" content=\"https:\/\/veryselfbrand.com\/wp-content\/uploads\/2024\/05\/WhatsApp-Image-2024-05-12-at-00.05.39-2.jpeg\" \/>\n\t<meta property=\"og:image:width\" content=\"533\" \/>\n\t<meta property=\"og:image:height\" content=\"800\" \/>\n\t<meta property=\"og:image:type\" content=\"image\/jpeg\" \/>\n<meta name=\"twitter:card\" content=\"summary_large_image\" \/>\n<meta name=\"twitter:label1\" content=\"Tahmini okuma s\u00fcresi\" \/>\n\t<meta name=\"twitter:data1\" content=\"1 dakika\" \/>\n<script type=\"application\/ld+json\" class=\"yoast-schema-graph\">{\"@context\":\"https:\\\/\\\/schema.org\",\"@graph\":[{\"@type\":\"WebPage\",\"@id\":\"https:\\\/\\\/veryselfbrand.com\\\/product\\\/nova-satin-dress-in-apricot\\\/\",\"url\":\"https:\\\/\\\/veryselfbrand.com\\\/product\\\/nova-satin-dress-in-apricot\\\/\",\"name\":\"Nova Satin Dress in Apricot - Veryself\",\"isPartOf\":{\"@id\":\"https:\\\/\\\/veryselfbrand.com\\\/#website\"},\"primaryImageOfPage\":{\"@id\":\"https:\\\/\\\/veryselfbrand.com\\\/product\\\/nova-satin-dress-in-apricot\\\/#primaryimage\"},\"image\":{\"@id\":\"https:\\\/\\\/veryselfbrand.com\\\/product\\\/nova-satin-dress-in-apricot\\\/#primaryimage\"},\"thumbnailUrl\":\"https:\\\/\\\/veryselfbrand.com\\\/wp-content\\\/uploads\\\/2024\\\/05\\\/WhatsApp-Image-2024-05-12-at-00.05.39-2.jpeg\",\"datePublished\":\"2024-05-13T12:44:39+00:00\",\"dateModified\":\"2024-07-27T14:41:01+00:00\",\"breadcrumb\":{\"@id\":\"https:\\\/\\\/veryselfbrand.com\\\/product\\\/nova-satin-dress-in-apricot\\\/#breadcrumb\"},\"inLanguage\":\"tr\",\"potentialAction\":[{\"@type\":\"ReadAction\",\"target\":[\"https:\\\/\\\/veryselfbrand.com\\\/product\\\/nova-satin-dress-in-apricot\\\/\"]}]},{\"@type\":\"ImageObject\",\"inLanguage\":\"tr\",\"@id\":\"https:\\\/\\\/veryselfbrand.com\\\/product\\\/nova-satin-dress-in-apricot\\\/#primaryimage\",\"url\":\"https:\\\/\\\/veryselfbrand.com\\\/wp-content\\\/uploads\\\/2024\\\/05\\\/WhatsApp-Image-2024-05-12-at-00.05.39-2.jpeg\",\"contentUrl\":\"https:\\\/\\\/veryselfbrand.com\\\/wp-content\\\/uploads\\\/2024\\\/05\\\/WhatsApp-Image-2024-05-12-at-00.05.39-2.jpeg\",\"width\":533,\"height\":800},{\"@type\":\"BreadcrumbList\",\"@id\":\"https:\\\/\\\/veryselfbrand.com\\\/product\\\/nova-satin-dress-in-apricot\\\/#breadcrumb\",\"itemListElement\":[{\"@type\":\"ListItem\",\"position\":1,\"name\":\"Home\",\"item\":\"https:\\\/\\\/veryselfbrand.com\\\/\"},{\"@type\":\"ListItem\",\"position\":2,\"name\":\"Shop\",\"item\":\"https:\\\/\\\/veryselfbrand.com\\\/shop\\\/\"},{\"@type\":\"ListItem\",\"position\":3,\"name\":\"Nova Satin Dress in Apricot\"}]},{\"@type\":\"WebSite\",\"@id\":\"https:\\\/\\\/veryselfbrand.com\\\/#website\",\"url\":\"https:\\\/\\\/veryselfbrand.com\\\/\",\"name\":\"Veryself\",\"description\":\"Upon femmine silhoutte\",\"publisher\":{\"@id\":\"https:\\\/\\\/veryselfbrand.com\\\/#organization\"},\"potentialAction\":[{\"@type\":\"SearchAction\",\"target\":{\"@type\":\"EntryPoint\",\"urlTemplate\":\"https:\\\/\\\/veryselfbrand.com\\\/?s={search_term_string}\"},\"query-input\":{\"@type\":\"PropertyValueSpecification\",\"valueRequired\":true,\"valueName\":\"search_term_string\"}}],\"inLanguage\":\"tr\"},{\"@type\":\"Organization\",\"@id\":\"https:\\\/\\\/veryselfbrand.com\\\/#organization\",\"name\":\"Veryself\",\"url\":\"https:\\\/\\\/veryselfbrand.com\\\/\",\"logo\":{\"@type\":\"ImageObject\",\"inLanguage\":\"tr\",\"@id\":\"https:\\\/\\\/veryselfbrand.com\\\/#\\\/schema\\\/logo\\\/image\\\/\",\"url\":\"http:\\\/\\\/veryselfbrand.com\\\/wp-content\\\/uploads\\\/2021\\\/02\\\/veryself_bl_xs.png\",\"contentUrl\":\"http:\\\/\\\/veryselfbrand.com\\\/wp-content\\\/uploads\\\/2021\\\/02\\\/veryself_bl_xs.png\",\"width\":200,\"height\":56,\"caption\":\"Veryself\"},\"image\":{\"@id\":\"https:\\\/\\\/veryselfbrand.com\\\/#\\\/schema\\\/logo\\\/image\\\/\"},\"sameAs\":[\"https:\\\/\\\/www.instagram.com\\\/veryself.brand\\\/\"]}]}<\/script>\n<!-- \/ Yoast SEO plugin. -->","yoast_head_json":{"title":"Nova Satin Dress in Apricot - Veryself","robots":{"index":"index","follow":"follow","max-snippet":"max-snippet:-1","max-image-preview":"max-image-preview:large","max-video-preview":"max-video-preview:-1"},"canonical":"https:\/\/veryselfbrand.com\/tr\/urun\/nova-satin-dress-in-apricot\/","og_locale":"tr_TR","og_type":"article","og_title":"Nova Satin Dress in Apricot - Veryself","og_description":"Nova Asymmetric Satin Dress can be used straight or asymmetrically as in the product image, thanks to the adjustable straps. You can bring environmental awareness to your\u00a0closet with this special dress with its vegan silk satin fabric. This model was designed to\u00a0refresh your self-confidence with a button-down collar, oval neckline and deep slit!","og_url":"https:\/\/veryselfbrand.com\/tr\/urun\/nova-satin-dress-in-apricot\/","og_site_name":"Veryself","article_modified_time":"2024-07-27T14:41:01+00:00","og_image":[{"width":533,"height":800,"url":"https:\/\/veryselfbrand.com\/wp-content\/uploads\/2024\/05\/WhatsApp-Image-2024-05-12-at-00.05.39-2.jpeg","type":"image\/jpeg"}],"twitter_card":"summary_large_image","twitter_misc":{"Tahmini okuma s\u00fcresi":"1 dakika"},"schema":{"@context":"https:\/\/schema.org","@graph":[{"@type":"WebPage","@id":"https:\/\/veryselfbrand.com\/product\/nova-satin-dress-in-apricot\/","url":"https:\/\/veryselfbrand.com\/product\/nova-satin-dress-in-apricot\/","name":"Nova Satin Dress in Apricot - Veryself","isPartOf":{"@id":"https:\/\/veryselfbrand.com\/#website"},"primaryImageOfPage":{"@id":"https:\/\/veryselfbrand.com\/product\/nova-satin-dress-in-apricot\/#primaryimage"},"image":{"@id":"https:\/\/veryselfbrand.com\/product\/nova-satin-dress-in-apricot\/#primaryimage"},"thumbnailUrl":"https:\/\/veryselfbrand.com\/wp-content\/uploads\/2024\/05\/WhatsApp-Image-2024-05-12-at-00.05.39-2.jpeg","datePublished":"2024-05-13T12:44:39+00:00","dateModified":"2024-07-27T14:41:01+00:00","breadcrumb":{"@id":"https:\/\/veryselfbrand.com\/product\/nova-satin-dress-in-apricot\/#breadcrumb"},"inLanguage":"tr","potentialAction":[{"@type":"ReadAction","target":["https:\/\/veryselfbrand.com\/product\/nova-satin-dress-in-apricot\/"]}]},{"@type":"ImageObject","inLanguage":"tr","@id":"https:\/\/veryselfbrand.com\/product\/nova-satin-dress-in-apricot\/#primaryimage","url":"https:\/\/veryselfbrand.com\/wp-content\/uploads\/2024\/05\/WhatsApp-Image-2024-05-12-at-00.05.39-2.jpeg","contentUrl":"https:\/\/veryselfbrand.com\/wp-content\/uploads\/2024\/05\/WhatsApp-Image-2024-05-12-at-00.05.39-2.jpeg","width":533,"height":800},{"@type":"BreadcrumbList","@id":"https:\/\/veryselfbrand.com\/product\/nova-satin-dress-in-apricot\/#breadcrumb","itemListElement":[{"@type":"ListItem","position":1,"name":"Home","item":"https:\/\/veryselfbrand.com\/"},{"@type":"ListItem","position":2,"name":"Shop","item":"https:\/\/veryselfbrand.com\/shop\/"},{"@type":"ListItem","position":3,"name":"Nova Satin Dress in Apricot"}]},{"@type":"WebSite","@id":"https:\/\/veryselfbrand.com\/#website","url":"https:\/\/veryselfbrand.com\/","name":"Veryself","description":"Upon femmine silhoutte","publisher":{"@id":"https:\/\/veryselfbrand.com\/#organization"},"potentialAction":[{"@type":"SearchAction","target":{"@type":"EntryPoint","urlTemplate":"https:\/\/veryselfbrand.com\/?s={search_term_string}"},"query-input":{"@type":"PropertyValueSpecification","valueRequired":true,"valueName":"search_term_string"}}],"inLanguage":"tr"},{"@type":"Organization","@id":"https:\/\/veryselfbrand.com\/#organization","name":"Veryself","url":"https:\/\/veryselfbrand.com\/","logo":{"@type":"ImageObject","inLanguage":"tr","@id":"https:\/\/veryselfbrand.com\/#\/schema\/logo\/image\/","url":"http:\/\/veryselfbrand.com\/wp-content\/uploads\/2021\/02\/veryself_bl_xs.png","contentUrl":"http:\/\/veryselfbrand.com\/wp-content\/uploads\/2021\/02\/veryself_bl_xs.png","width":200,"height":56,"caption":"Veryself"},"image":{"@id":"https:\/\/veryselfbrand.com\/#\/schema\/logo\/image\/"},"sameAs":["https:\/\/www.instagram.com\/veryself.brand\/"]}]}},"_links":{"self":[{"href":"https:\/\/veryselfbrand.com\/tr\/wp-json\/wp\/v2\/product\/6042","targetHints":{"allow":["GET"]}}],"collection":[{"href":"https:\/\/veryselfbrand.com\/tr\/wp-json\/wp\/v2\/product"}],"about":[{"href":"https:\/\/veryselfbrand.com\/tr\/wp-json\/wp\/v2\/types\/product"}],"wp:featuredmedia":[{"embeddable":true,"href":"https:\/\/veryselfbrand.com\/tr\/wp-json\/wp\/v2\/media\/6046"}],"wp:attachment":[{"href":"https:\/\/veryselfbrand.com\/tr\/wp-json\/wp\/v2\/media?parent=6042"}],"wp:term":[{"taxonomy":"product_brand","embeddable":true,"href":"https:\/\/veryselfbrand.com\/tr\/wp-json\/wp\/v2\/product_brand?post=6042"},{"taxonomy":"product_cat","embeddable":true,"href":"https:\/\/veryselfbrand.com\/tr\/wp-json\/wp\/v2\/product_cat?post=6042"},{"taxonomy":"product_tag","embeddable":true,"href":"https:\/\/veryselfbrand.com\/tr\/wp-json\/wp\/v2\/product_tag?post=6042"}],"curies":[{"name":"wp","href":"https:\/\/api.w.org\/{rel}","templated":true}]}}