{"id":6050,"date":"2024-05-13T17:41:52","date_gmt":"2024-05-13T17:41:52","guid":{"rendered":"http:\/\/veryselfbrand.com\/?post_type=product&#038;p=6050"},"modified":"2025-07-14T20:12:56","modified_gmt":"2025-07-14T20:12:56","slug":"maui-trousers","status":"publish","type":"product","link":"https:\/\/veryselfbrand.com\/tr\/urun\/maui-trousers\/","title":{"rendered":"Maui Trousers"},"content":{"rendered":"<p class=\"p1\"><strong>\u00dcr\u00fcn \u00d6zellikleri:<\/strong><\/p>\n<p class=\"p1\">\u25cf <span data-sheets-root=\"1\" data-sheets-value=\"{&quot;1&quot;:2,&quot;2&quot;:&quot;Maui Trousers &quot;}\" data-sheets-userformat=\"{&quot;2&quot;:513,&quot;3&quot;:{&quot;1&quot;:0},&quot;12&quot;:0}\">Cotton cargo trousers<\/span><\/p>\n<p>\u25cf <span data-sheets-root=\"1\" data-sheets-value=\"{&quot;1&quot;:2,&quot;2&quot;:&quot;Maui Trousers &quot;}\" data-sheets-userformat=\"{&quot;2&quot;:513,&quot;3&quot;:{&quot;1&quot;:0},&quot;12&quot;:0}\">%100 COTTON<\/span><\/p>\n<p>\u25cf <span data-sheets-root=\"1\" data-sheets-value=\"{&quot;1&quot;:2,&quot;2&quot;:&quot;Maui Trousers &quot;}\" data-sheets-userformat=\"{&quot;2&quot;:513,&quot;3&quot;:{&quot;1&quot;:0},&quot;12&quot;:0}\">Designed for a loose fit<\/span><\/p>\n<p>\u25cf <span data-sheets-root=\"1\" data-sheets-value=\"{&quot;1&quot;:2,&quot;2&quot;:&quot;Maui Trousers &quot;}\" data-sheets-userformat=\"{&quot;2&quot;:513,&quot;3&quot;:{&quot;1&quot;:0},&quot;12&quot;:0}\">Machine wash cold<\/span><\/p>","protected":false},"excerpt":{"rendered":"<p>Specifications: \u25cf Cotton cargo trousers \u25cf %100 COTTON \u25cf Designed for a loose fit \u25cf Machine wash cold<\/p>","protected":false},"featured_media":6271,"template":"","meta":[],"product_brand":[],"product_cat":[125,87,252,249,56],"product_tag":[],"class_list":{"0":"post-6050","1":"product","2":"type-product","3":"status-publish","4":"has-post-thumbnail","6":"product_cat-all","7":"product_cat-categories","8":"product_cat-sale","9":"product_cat-soul-shine","10":"product_cat-trousers","12":"first","13":"instock","14":"sale","15":"shipping-taxable","16":"purchasable","17":"product-type-variable"},"yoast_head":"<!-- This site is optimized with the Yoast SEO plugin v27.4 - https:\/\/yoast.com\/product\/yoast-seo-wordpress\/ -->\n<title>Maui Trousers - Veryself<\/title>\n<meta name=\"robots\" content=\"index, follow, max-snippet:-1, max-image-preview:large, max-video-preview:-1\" \/>\n<link rel=\"canonical\" href=\"https:\/\/veryselfbrand.com\/tr\/urun\/maui-trousers\/\" \/>\n<meta property=\"og:locale\" content=\"tr_TR\" \/>\n<meta property=\"og:type\" content=\"article\" \/>\n<meta property=\"og:title\" content=\"Maui Trousers - Veryself\" \/>\n<meta property=\"og:description\" content=\"Specifications: \u25cf Cotton cargo trousers \u25cf %100 COTTON \u25cf Designed for a loose fit \u25cf Machine wash cold\" \/>\n<meta property=\"og:url\" content=\"https:\/\/veryselfbrand.com\/tr\/urun\/maui-trousers\/\" \/>\n<meta property=\"og:site_name\" content=\"Veryself\" \/>\n<meta property=\"article:modified_time\" content=\"2025-07-14T20:12:56+00:00\" \/>\n<meta property=\"og:image\" content=\"https:\/\/veryselfbrand.com\/wp-content\/uploads\/2024\/05\/Maui-Trousers-copy.jpg\" \/>\n\t<meta property=\"og:image:width\" content=\"909\" \/>\n\t<meta property=\"og:image:height\" content=\"1364\" \/>\n\t<meta property=\"og:image:type\" content=\"image\/jpeg\" \/>\n<meta name=\"twitter:card\" content=\"summary_large_image\" \/>\n<meta name=\"twitter:label1\" content=\"Tahmini okuma s\u00fcresi\" \/>\n\t<meta name=\"twitter:data1\" content=\"1 dakika\" \/>\n<script type=\"application\/ld+json\" class=\"yoast-schema-graph\">{\"@context\":\"https:\\\/\\\/schema.org\",\"@graph\":[{\"@type\":\"WebPage\",\"@id\":\"https:\\\/\\\/veryselfbrand.com\\\/product\\\/maui-trousers\\\/\",\"url\":\"https:\\\/\\\/veryselfbrand.com\\\/product\\\/maui-trousers\\\/\",\"name\":\"Maui Trousers - Veryself\",\"isPartOf\":{\"@id\":\"https:\\\/\\\/veryselfbrand.com\\\/#website\"},\"primaryImageOfPage\":{\"@id\":\"https:\\\/\\\/veryselfbrand.com\\\/product\\\/maui-trousers\\\/#primaryimage\"},\"image\":{\"@id\":\"https:\\\/\\\/veryselfbrand.com\\\/product\\\/maui-trousers\\\/#primaryimage\"},\"thumbnailUrl\":\"https:\\\/\\\/veryselfbrand.com\\\/wp-content\\\/uploads\\\/2024\\\/05\\\/Maui-Trousers-copy.jpg\",\"datePublished\":\"2024-05-13T17:41:52+00:00\",\"dateModified\":\"2025-07-14T20:12:56+00:00\",\"breadcrumb\":{\"@id\":\"https:\\\/\\\/veryselfbrand.com\\\/product\\\/maui-trousers\\\/#breadcrumb\"},\"inLanguage\":\"tr\",\"potentialAction\":[{\"@type\":\"ReadAction\",\"target\":[\"https:\\\/\\\/veryselfbrand.com\\\/product\\\/maui-trousers\\\/\"]}]},{\"@type\":\"ImageObject\",\"inLanguage\":\"tr\",\"@id\":\"https:\\\/\\\/veryselfbrand.com\\\/product\\\/maui-trousers\\\/#primaryimage\",\"url\":\"https:\\\/\\\/veryselfbrand.com\\\/wp-content\\\/uploads\\\/2024\\\/05\\\/Maui-Trousers-copy.jpg\",\"contentUrl\":\"https:\\\/\\\/veryselfbrand.com\\\/wp-content\\\/uploads\\\/2024\\\/05\\\/Maui-Trousers-copy.jpg\",\"width\":909,\"height\":1364},{\"@type\":\"BreadcrumbList\",\"@id\":\"https:\\\/\\\/veryselfbrand.com\\\/product\\\/maui-trousers\\\/#breadcrumb\",\"itemListElement\":[{\"@type\":\"ListItem\",\"position\":1,\"name\":\"Home\",\"item\":\"https:\\\/\\\/veryselfbrand.com\\\/\"},{\"@type\":\"ListItem\",\"position\":2,\"name\":\"Shop\",\"item\":\"https:\\\/\\\/veryselfbrand.com\\\/shop\\\/\"},{\"@type\":\"ListItem\",\"position\":3,\"name\":\"Maui Trousers\"}]},{\"@type\":\"WebSite\",\"@id\":\"https:\\\/\\\/veryselfbrand.com\\\/#website\",\"url\":\"https:\\\/\\\/veryselfbrand.com\\\/\",\"name\":\"Veryself\",\"description\":\"Upon femmine silhoutte\",\"publisher\":{\"@id\":\"https:\\\/\\\/veryselfbrand.com\\\/#organization\"},\"potentialAction\":[{\"@type\":\"SearchAction\",\"target\":{\"@type\":\"EntryPoint\",\"urlTemplate\":\"https:\\\/\\\/veryselfbrand.com\\\/?s={search_term_string}\"},\"query-input\":{\"@type\":\"PropertyValueSpecification\",\"valueRequired\":true,\"valueName\":\"search_term_string\"}}],\"inLanguage\":\"tr\"},{\"@type\":\"Organization\",\"@id\":\"https:\\\/\\\/veryselfbrand.com\\\/#organization\",\"name\":\"Veryself\",\"url\":\"https:\\\/\\\/veryselfbrand.com\\\/\",\"logo\":{\"@type\":\"ImageObject\",\"inLanguage\":\"tr\",\"@id\":\"https:\\\/\\\/veryselfbrand.com\\\/#\\\/schema\\\/logo\\\/image\\\/\",\"url\":\"http:\\\/\\\/veryselfbrand.com\\\/wp-content\\\/uploads\\\/2021\\\/02\\\/veryself_bl_xs.png\",\"contentUrl\":\"http:\\\/\\\/veryselfbrand.com\\\/wp-content\\\/uploads\\\/2021\\\/02\\\/veryself_bl_xs.png\",\"width\":200,\"height\":56,\"caption\":\"Veryself\"},\"image\":{\"@id\":\"https:\\\/\\\/veryselfbrand.com\\\/#\\\/schema\\\/logo\\\/image\\\/\"},\"sameAs\":[\"https:\\\/\\\/www.instagram.com\\\/veryself.brand\\\/\"]}]}<\/script>\n<!-- \/ Yoast SEO plugin. -->","yoast_head_json":{"title":"Maui Trousers - Veryself","robots":{"index":"index","follow":"follow","max-snippet":"max-snippet:-1","max-image-preview":"max-image-preview:large","max-video-preview":"max-video-preview:-1"},"canonical":"https:\/\/veryselfbrand.com\/tr\/urun\/maui-trousers\/","og_locale":"tr_TR","og_type":"article","og_title":"Maui Trousers - Veryself","og_description":"Specifications: \u25cf Cotton cargo trousers \u25cf %100 COTTON \u25cf Designed for a loose fit \u25cf Machine wash cold","og_url":"https:\/\/veryselfbrand.com\/tr\/urun\/maui-trousers\/","og_site_name":"Veryself","article_modified_time":"2025-07-14T20:12:56+00:00","og_image":[{"width":909,"height":1364,"url":"https:\/\/veryselfbrand.com\/wp-content\/uploads\/2024\/05\/Maui-Trousers-copy.jpg","type":"image\/jpeg"}],"twitter_card":"summary_large_image","twitter_misc":{"Tahmini okuma s\u00fcresi":"1 dakika"},"schema":{"@context":"https:\/\/schema.org","@graph":[{"@type":"WebPage","@id":"https:\/\/veryselfbrand.com\/product\/maui-trousers\/","url":"https:\/\/veryselfbrand.com\/product\/maui-trousers\/","name":"Maui Trousers - Veryself","isPartOf":{"@id":"https:\/\/veryselfbrand.com\/#website"},"primaryImageOfPage":{"@id":"https:\/\/veryselfbrand.com\/product\/maui-trousers\/#primaryimage"},"image":{"@id":"https:\/\/veryselfbrand.com\/product\/maui-trousers\/#primaryimage"},"thumbnailUrl":"https:\/\/veryselfbrand.com\/wp-content\/uploads\/2024\/05\/Maui-Trousers-copy.jpg","datePublished":"2024-05-13T17:41:52+00:00","dateModified":"2025-07-14T20:12:56+00:00","breadcrumb":{"@id":"https:\/\/veryselfbrand.com\/product\/maui-trousers\/#breadcrumb"},"inLanguage":"tr","potentialAction":[{"@type":"ReadAction","target":["https:\/\/veryselfbrand.com\/product\/maui-trousers\/"]}]},{"@type":"ImageObject","inLanguage":"tr","@id":"https:\/\/veryselfbrand.com\/product\/maui-trousers\/#primaryimage","url":"https:\/\/veryselfbrand.com\/wp-content\/uploads\/2024\/05\/Maui-Trousers-copy.jpg","contentUrl":"https:\/\/veryselfbrand.com\/wp-content\/uploads\/2024\/05\/Maui-Trousers-copy.jpg","width":909,"height":1364},{"@type":"BreadcrumbList","@id":"https:\/\/veryselfbrand.com\/product\/maui-trousers\/#breadcrumb","itemListElement":[{"@type":"ListItem","position":1,"name":"Home","item":"https:\/\/veryselfbrand.com\/"},{"@type":"ListItem","position":2,"name":"Shop","item":"https:\/\/veryselfbrand.com\/shop\/"},{"@type":"ListItem","position":3,"name":"Maui Trousers"}]},{"@type":"WebSite","@id":"https:\/\/veryselfbrand.com\/#website","url":"https:\/\/veryselfbrand.com\/","name":"Veryself","description":"Upon femmine silhoutte","publisher":{"@id":"https:\/\/veryselfbrand.com\/#organization"},"potentialAction":[{"@type":"SearchAction","target":{"@type":"EntryPoint","urlTemplate":"https:\/\/veryselfbrand.com\/?s={search_term_string}"},"query-input":{"@type":"PropertyValueSpecification","valueRequired":true,"valueName":"search_term_string"}}],"inLanguage":"tr"},{"@type":"Organization","@id":"https:\/\/veryselfbrand.com\/#organization","name":"Veryself","url":"https:\/\/veryselfbrand.com\/","logo":{"@type":"ImageObject","inLanguage":"tr","@id":"https:\/\/veryselfbrand.com\/#\/schema\/logo\/image\/","url":"http:\/\/veryselfbrand.com\/wp-content\/uploads\/2021\/02\/veryself_bl_xs.png","contentUrl":"http:\/\/veryselfbrand.com\/wp-content\/uploads\/2021\/02\/veryself_bl_xs.png","width":200,"height":56,"caption":"Veryself"},"image":{"@id":"https:\/\/veryselfbrand.com\/#\/schema\/logo\/image\/"},"sameAs":["https:\/\/www.instagram.com\/veryself.brand\/"]}]}},"_links":{"self":[{"href":"https:\/\/veryselfbrand.com\/tr\/wp-json\/wp\/v2\/product\/6050","targetHints":{"allow":["GET"]}}],"collection":[{"href":"https:\/\/veryselfbrand.com\/tr\/wp-json\/wp\/v2\/product"}],"about":[{"href":"https:\/\/veryselfbrand.com\/tr\/wp-json\/wp\/v2\/types\/product"}],"wp:featuredmedia":[{"embeddable":true,"href":"https:\/\/veryselfbrand.com\/tr\/wp-json\/wp\/v2\/media\/6271"}],"wp:attachment":[{"href":"https:\/\/veryselfbrand.com\/tr\/wp-json\/wp\/v2\/media?parent=6050"}],"wp:term":[{"taxonomy":"product_brand","embeddable":true,"href":"https:\/\/veryselfbrand.com\/tr\/wp-json\/wp\/v2\/product_brand?post=6050"},{"taxonomy":"product_cat","embeddable":true,"href":"https:\/\/veryselfbrand.com\/tr\/wp-json\/wp\/v2\/product_cat?post=6050"},{"taxonomy":"product_tag","embeddable":true,"href":"https:\/\/veryselfbrand.com\/tr\/wp-json\/wp\/v2\/product_tag?post=6050"}],"curies":[{"name":"wp","href":"https:\/\/api.w.org\/{rel}","templated":true}]}}